{"id":10543,"date":"2023-11-16T09:42:50","date_gmt":"2023-11-16T08:42:50","guid":{"rendered":"https:\/\/www.bike.herzegovinabike.ba\/?page_id=10543"},"modified":"2025-06-28T09:21:34","modified_gmt":"2025-06-28T07:21:34","slug":"bike-park-prenj","status":"publish","type":"page","link":"https:\/\/www.herzegovinabike.ba\/en\/bike-park-prenj\/","title":{"rendered":"Bike Park Prenj"},"content":{"rendered":"<p class=\"has-text-align-left\"><span style=\"font-size: medium;\"><strong>ABOUT THE PARK<\/strong> \u00a0<strong><a href=\"https:\/\/www.herzegovinabike.ba\/en\/sve-staze\/\">TRAILS<\/a>\u00a0 \u00a0 \u00a0<a href=\"https:\/\/www.herzegovinabike.ba\/en\/gdje-spavati\/\">ACCOMMODATION<\/a><a href=\"https:\/\/www.herzegovinabike.ba\/en\/?smjestaj=hostel-most\" target=\"_blank\" rel=\"noopener\">\u00a0<\/a>\u00a0 \u00a0<a href=\"https:\/\/www.herzegovinabike.ba\/en\/gdje-jesti\/\">\u00a0GASTRO<\/a>\u00a0\u00a0 \u00a0<a href=\"https:\/\/www.herzegovinabike.ba\/en\/korisne-informacije\/\">INFORMATION<\/a> \u00a0 \u00a0<a href=\"https:\/\/www.herzegovinabike.ba\/en\/multimedija-2\/brosure-i-katalozi\/\">MULTIMEDIA<\/a><\/strong><\/span><\/p>\n\n\n\n<p>Prenj is the most beautiful, most attractive mountain in Bosnia. Located in the heart of the Dinaric Mountains in the northern part of Herzegovina. Prenj lies in the harbor from the northwest of the Neretva River near Konjic, Glavati\u010devo, to Bijeli Polje near Mostar, on the southeast side it is bordered by the Vele\u017e (1969 m), Crvnja (1921 m) and Viso\u010dica (1964 m) mountain ranges.<\/p>\n\n\n<div class=\"wp-block-image\">\n<figure class=\"alignleft\"><img loading=\"lazy\" decoding=\"async\" width=\"1024\" height=\"294\" src=\"http:\/\/www.herzegovinabike.ba\/assets\/2015\/02\/prenj-slika.jpg\" alt=\"\" class=\"wp-image-2055\" srcset=\"https:\/\/www.herzegovinabike.ba\/wp-content\/uploads\/2015\/02\/prenj-slika.jpg 1024w, https:\/\/www.herzegovinabike.ba\/wp-content\/uploads\/2015\/02\/prenj-slika-600x172.jpg 600w, https:\/\/www.herzegovinabike.ba\/wp-content\/uploads\/2015\/02\/prenj-slika-300x86.jpg 300w, https:\/\/www.herzegovinabike.ba\/wp-content\/uploads\/2015\/02\/prenj-slika-768x221.jpg 768w\" sizes=\"auto, (max-width: 1024px) 100vw, 1024px\" \/><\/figure>\n<\/div>\n\n\n<p>It is surrounded by natural and man-made lakes: Bora\u010dko lake, Jablani\u010dko lake, Grabovi\u010dko lake, Salakovac, and the rivers Neretva, Ljuta, Neretvica, Bijela and Drezanka. At the foot of the mountain there are three towns: Konjic, Jablanica and Mostar. Mount Prenj is one of the highest mountains in Bosnia and Herzegovina. Its highest peak is 2155m - Zelena glava. The peaks of the Prenj mountain are interesting and attractive for mountaineers who enjoy the charms of nature.<\/p>\n\n\n\n<p><strong>BIKE PARK PRENJ<\/strong>\u00a0it consists of 360 km of forest and macadam roads that are drawn and marked on the Prenj mountain, and which are primarily intended for mountain biking but also for other recreational purposes.<\/p>\n\n\n\n<p class=\"has-text-align-center\"><span style=\"color: #3366ff;\"><iframe loading=\"lazy\" src=\"https:\/\/www.google.com\/maps\/d\/u\/0\/embed?mid=z74Hckl6EbEM.kh9-fMCGWnYc\" width=\"100%\" height=\"550\"><\/iframe>&nbsp;<\/span><br><strong><span style=\"font-size: small;\">The mountain biking association MTBA, Mostar<\/span><\/strong><\/p>\n\n\n\n<p class=\"has-text-align-center\"><span style=\"font-size: small;\"><span style=\"font-size: xx-large; color: #99cc00;\">____&nbsp;<span style=\"font-size: small; color: #888888;\"><span style=\"color: #000000;\"><strong>Easy Bike Route<\/strong><\/span>&nbsp;<\/span><\/span><strong>&nbsp; &nbsp; &nbsp;&nbsp;<span style=\"font-size: xx-large; color: #3366ff;\">&nbsp;<\/span><\/strong><span style=\"font-size: xx-large; color: #3366ff;\">____<strong><span style=\"font-size: small; color: #000000;\">Intermediate Bike Route<\/span><\/strong>&nbsp;<\/span><strong>&nbsp;&nbsp;<span style=\"font-size: xx-large; color: #ff0000; background-color: #ffffff;\"> &nbsp; <\/span><\/strong><span style=\"font-size: xx-large; color: #ff0000; background-color: #ffffff;\">____<span style=\"color: #000000;\"><strong><span style=\"font-size: small;\">Advanced Bike Route<\/span><\/strong><\/span><\/span>&nbsp;<\/span><\/p>\n\n\n\n<p>Info panels with a map of the entire area and other useful information were placed at the four main \"entrance\" points. Info points are set up in the following places:<\/p>\n\n\n\n<p><strong>1. Ruji\u0161te ski trail (in front of Snje\u017ena ku\u0107a motel)<\/strong><br><strong>2. Jablanica (plateau in front of the museum)<\/strong><br><strong>3. Konjic (on the footpath next to the city tunnel)<\/strong><br><strong>4. Bora\u010dko jezero (at the entrance)<\/strong><\/p>\n\n\n\n<p>Smaller maps have also been produced, which can be obtained at the info centers of TZ, cycling clubs and tourist facilities in the area.<\/p>\n\n\n\n<p>Use only marked paths with the help of small maps or GPS devices.<\/p>\n\n\n\n<p>Use the trails at your own risk and behave responsibly so as not to endanger your own safety and the safety of others.<\/p>\n\n\n\n<p>By the way, Prenj was declared the best mountain biking (MTB) adventure destination in 2012 by a reputable magazine\u00a0<a href=\"http:\/\/adventure.nationalgeographic.com\/adventure\/trips\/best-adventure-destinations-2012\/#\/bike-bosnia-herzegovina_45406_600x450.jpg\" target=\"_blank\" rel=\"noopener\">National Geographic<\/a><\/p>\n\n\n<div class=\"wp-block-image\">\n<figure class=\"alignright\"><a href=\"https:\/\/www.the-qrcode-generator.com\/\"><img decoding=\"async\" src=\"http:\/\/chart.apis.google.com\/chart?chs=100x100&amp;cht=qr&amp;chld=|1&amp;chl=http%3A%2F%2Fwww.herzegovinabike.ba%2F%3Fpage_id%3D1910%26lang%3Den\" alt=\"QR Code\"\/><\/a><\/figure>\n<\/div>\n\n\n<p class=\"has-text-align-left\"><strong>\u00a0<a href=\"https:\/\/www.bike.herzegovinabike.ba\/wp-content\/uploads\/2023\/11\/Bike-park-Prenj.kmz_.zip\">Download KML<\/a><\/strong><\/p>\n\n\n\n<p class=\"has-text-align-left\"><strong><a href=\"https:\/\/www.bike.herzegovinabike.ba\/wp-content\/uploads\/2023\/11\/MTBAPrenj_Velez_mapa_web-2.pdf\">\u00a0Download\u00a0<strong>MTB Prenj &amp; Vele\u017e map\u00a0<\/strong><\/a><a href=\"https:\/\/www.herzegovinabike.ba\/en\/mtbaprenj_velez_mapa_web-2\/\" rel=\"attachment wp-att-1917\"><br><\/a><\/strong><\/p>\n\n\n<div class=\"wp-block-image\">\n<figure class=\"aligncenter size-full\"><img loading=\"lazy\" decoding=\"async\" width=\"640\" height=\"480\" src=\"https:\/\/www.bike.herzegovinabike.ba\/wp-content\/uploads\/2023\/11\/Bike-park-Prenj.jpg\" alt=\"\" class=\"wp-image-10540\" srcset=\"https:\/\/www.herzegovinabike.ba\/wp-content\/uploads\/2023\/11\/Bike-park-Prenj.jpg 640w, https:\/\/www.herzegovinabike.ba\/wp-content\/uploads\/2023\/11\/Bike-park-Prenj-600x450.jpg 600w, https:\/\/www.herzegovinabike.ba\/wp-content\/uploads\/2023\/11\/Bike-park-Prenj-300x225.jpg 300w, https:\/\/www.herzegovinabike.ba\/wp-content\/uploads\/2023\/11\/Bike-park-Prenj-16x12.jpg 16w\" sizes=\"auto, (max-width: 640px) 100vw, 640px\" \/><\/figure>\n<\/div>","protected":false},"excerpt":{"rendered":"<p>O PARKU \u00a0STAZE\u00a0 \u00a0 \u00a0SMJE\u0160TAJ\u00a0\u00a0 \u00a0\u00a0GASTRO\u00a0\u00a0 \u00a0INFORMACIJE \u00a0 \u00a0MULTIMEDIA Prenj je najljep\u0161a, najatraktivnija planina u Bosni. Smje\u0161ten u srcu Dinarskih planina u sjevernom dijelu Hercegovine. Prenj le\u017ei u luci od sjeverozapada rijeke Neretve kod Konjica, Glavati\u010deva, do Bijelog Polja kod Mostara, s jugoisto\u010dne strane ome\u0111en je planinskim lancima Vele\u017e (1969 m), Crvnja (1921 m) i [&hellip;]<\/p>\n","protected":false},"author":2,"featured_media":0,"parent":0,"menu_order":0,"comment_status":"closed","ping_status":"closed","template":"","meta":{"footnotes":""},"class_list":["post-10543","page","type-page","status-publish","hentry"],"yoast_head":"<!-- This site is optimized with the Yoast SEO Premium plugin v21.5 (Yoast SEO v27.4) - https:\/\/yoast.com\/product\/yoast-seo-premium-wordpress\/ -->\n<title>Bike Park Prenj - HerzegovinaBike<\/title>\n<meta name=\"description\" content=\"Prenj is the nicest, the most attractive mountain in Bosnia. Located in the heart Dinars mountains in the northern part of the Herzegovina.\" \/>\n<meta name=\"robots\" content=\"index, follow, max-snippet:-1, max-image-preview:large, max-video-preview:-1\" \/>\n<link rel=\"canonical\" href=\"https:\/\/www.herzegovinabike.ba\/en\/bike-park-prenj\/\" \/>\n<meta property=\"og:locale\" content=\"en_US\" \/>\n<meta property=\"og:type\" content=\"article\" \/>\n<meta property=\"og:title\" content=\"Bike Park Prenj\" \/>\n<meta property=\"og:description\" content=\"Prenj is the nicest, the most attractive mountain in Bosnia. Located in the heart Dinars mountains in the northern part of the Herzegovina.\" \/>\n<meta property=\"og:url\" content=\"https:\/\/www.herzegovinabike.ba\/en\/bike-park-prenj\/\" \/>\n<meta property=\"og:site_name\" content=\"HerzegovinaBike\" \/>\n<meta property=\"article:publisher\" content=\"https:\/\/www.facebook.com\/HerzegovinaBike\" \/>\n<meta property=\"article:modified_time\" content=\"2025-06-28T07:21:34+00:00\" \/>\n<meta property=\"og:image\" content=\"https:\/\/www.herzegovinabike.ba\/wp-content\/uploads\/2015\/02\/prenj-slika.jpg\" \/>\n\t<meta property=\"og:image:width\" content=\"1024\" \/>\n\t<meta property=\"og:image:height\" content=\"294\" \/>\n\t<meta property=\"og:image:type\" content=\"image\/jpeg\" \/>\n<meta name=\"twitter:card\" content=\"summary_large_image\" \/>\n<meta name=\"twitter:label1\" content=\"Est. reading time\" \/>\n\t<meta name=\"twitter:data1\" content=\"3 minutes\" \/>\n<script type=\"application\/ld+json\" class=\"yoast-schema-graph\">{\"@context\":\"https:\\\/\\\/schema.org\",\"@graph\":[{\"@type\":\"WebPage\",\"@id\":\"https:\\\/\\\/www.herzegovinabike.ba\\\/bike-park-prenj\\\/\",\"url\":\"https:\\\/\\\/www.herzegovinabike.ba\\\/bike-park-prenj\\\/\",\"name\":\"Bike Park Prenj - HerzegovinaBike\",\"isPartOf\":{\"@id\":\"https:\\\/\\\/www.herzegovinabike.ba\\\/#website\"},\"primaryImageOfPage\":{\"@id\":\"https:\\\/\\\/www.herzegovinabike.ba\\\/bike-park-prenj\\\/#primaryimage\"},\"image\":{\"@id\":\"https:\\\/\\\/www.herzegovinabike.ba\\\/bike-park-prenj\\\/#primaryimage\"},\"thumbnailUrl\":\"http:\\\/\\\/www.herzegovinabike.ba\\\/assets\\\/2015\\\/02\\\/prenj-slika.jpg\",\"datePublished\":\"2023-11-16T08:42:50+00:00\",\"dateModified\":\"2025-06-28T07:21:34+00:00\",\"description\":\"Prenj is the nicest, the most attractive mountain in Bosnia. Located in the heart Dinars mountains in the northern part of the Herzegovina.\",\"breadcrumb\":{\"@id\":\"https:\\\/\\\/www.herzegovinabike.ba\\\/bike-park-prenj\\\/#breadcrumb\"},\"inLanguage\":\"en-US\",\"potentialAction\":[{\"@type\":\"ReadAction\",\"target\":[\"https:\\\/\\\/www.herzegovinabike.ba\\\/bike-park-prenj\\\/\"]}]},{\"@type\":\"ImageObject\",\"inLanguage\":\"en-US\",\"@id\":\"https:\\\/\\\/www.herzegovinabike.ba\\\/bike-park-prenj\\\/#primaryimage\",\"url\":\"http:\\\/\\\/www.herzegovinabike.ba\\\/assets\\\/2015\\\/02\\\/prenj-slika.jpg\",\"contentUrl\":\"http:\\\/\\\/www.herzegovinabike.ba\\\/assets\\\/2015\\\/02\\\/prenj-slika.jpg\"},{\"@type\":\"BreadcrumbList\",\"@id\":\"https:\\\/\\\/www.herzegovinabike.ba\\\/bike-park-prenj\\\/#breadcrumb\",\"itemListElement\":[{\"@type\":\"ListItem\",\"position\":1,\"name\":\"Po\u010detna stranica\",\"item\":\"https:\\\/\\\/www.herzegovinabike.ba\\\/\"},{\"@type\":\"ListItem\",\"position\":2,\"name\":\"Bike Park Prenj\"}]},{\"@type\":\"WebSite\",\"@id\":\"https:\\\/\\\/www.herzegovinabike.ba\\\/#website\",\"url\":\"https:\\\/\\\/www.herzegovinabike.ba\\\/\",\"name\":\"HerzegovinaBike\",\"description\":\"Your place under the sun\",\"publisher\":{\"@id\":\"https:\\\/\\\/www.herzegovinabike.ba\\\/#organization\"},\"potentialAction\":[{\"@type\":\"SearchAction\",\"target\":{\"@type\":\"EntryPoint\",\"urlTemplate\":\"https:\\\/\\\/www.herzegovinabike.ba\\\/?s={search_term_string}\"},\"query-input\":{\"@type\":\"PropertyValueSpecification\",\"valueRequired\":true,\"valueName\":\"search_term_string\"}}],\"inLanguage\":\"en-US\"},{\"@type\":\"Organization\",\"@id\":\"https:\\\/\\\/www.herzegovinabike.ba\\\/#organization\",\"name\":\"Udruga HerzegovinaBike\",\"url\":\"https:\\\/\\\/www.herzegovinabike.ba\\\/\",\"logo\":{\"@type\":\"ImageObject\",\"inLanguage\":\"en-US\",\"@id\":\"https:\\\/\\\/www.herzegovinabike.ba\\\/#\\\/schema\\\/logo\\\/image\\\/\",\"url\":\"https:\\\/\\\/www.bike.herzegovinabike.ba\\\/wp-content\\\/uploads\\\/2023\\\/11\\\/herzegovina_bike_logo_horizontal.png\",\"contentUrl\":\"https:\\\/\\\/www.bike.herzegovinabike.ba\\\/wp-content\\\/uploads\\\/2023\\\/11\\\/herzegovina_bike_logo_horizontal.png\",\"width\":1757,\"height\":1061,\"caption\":\"Udruga HerzegovinaBike\"},\"image\":{\"@id\":\"https:\\\/\\\/www.herzegovinabike.ba\\\/#\\\/schema\\\/logo\\\/image\\\/\"},\"sameAs\":[\"https:\\\/\\\/www.facebook.com\\\/HerzegovinaBike\",\"https:\\\/\\\/www.instagram.com\\\/herzegovinabike\\\/\"]}]}<\/script>\n<!-- \/ Yoast SEO Premium plugin. -->","yoast_head_json":{"title":"Bike Park Prenj - HerzegovinaBike","description":"Prenj is the nicest, the most attractive mountain in Bosnia. Located in the heart Dinars mountains in the northern part of the Herzegovina.","robots":{"index":"index","follow":"follow","max-snippet":"max-snippet:-1","max-image-preview":"max-image-preview:large","max-video-preview":"max-video-preview:-1"},"canonical":"https:\/\/www.herzegovinabike.ba\/en\/bike-park-prenj\/","og_locale":"en_US","og_type":"article","og_title":"Bike Park Prenj","og_description":"Prenj is the nicest, the most attractive mountain in Bosnia. Located in the heart Dinars mountains in the northern part of the Herzegovina.","og_url":"https:\/\/www.herzegovinabike.ba\/en\/bike-park-prenj\/","og_site_name":"HerzegovinaBike","article_publisher":"https:\/\/www.facebook.com\/HerzegovinaBike","article_modified_time":"2025-06-28T07:21:34+00:00","og_image":[{"width":1024,"height":294,"url":"https:\/\/www.herzegovinabike.ba\/wp-content\/uploads\/2015\/02\/prenj-slika.jpg","type":"image\/jpeg"}],"twitter_card":"summary_large_image","twitter_misc":{"Est. reading time":"3 minutes"},"schema":{"@context":"https:\/\/schema.org","@graph":[{"@type":"WebPage","@id":"https:\/\/www.herzegovinabike.ba\/bike-park-prenj\/","url":"https:\/\/www.herzegovinabike.ba\/bike-park-prenj\/","name":"Bike Park Prenj - HerzegovinaBike","isPartOf":{"@id":"https:\/\/www.herzegovinabike.ba\/#website"},"primaryImageOfPage":{"@id":"https:\/\/www.herzegovinabike.ba\/bike-park-prenj\/#primaryimage"},"image":{"@id":"https:\/\/www.herzegovinabike.ba\/bike-park-prenj\/#primaryimage"},"thumbnailUrl":"http:\/\/www.herzegovinabike.ba\/assets\/2015\/02\/prenj-slika.jpg","datePublished":"2023-11-16T08:42:50+00:00","dateModified":"2025-06-28T07:21:34+00:00","description":"Prenj is the nicest, the most attractive mountain in Bosnia. Located in the heart Dinars mountains in the northern part of the Herzegovina.","breadcrumb":{"@id":"https:\/\/www.herzegovinabike.ba\/bike-park-prenj\/#breadcrumb"},"inLanguage":"en-US","potentialAction":[{"@type":"ReadAction","target":["https:\/\/www.herzegovinabike.ba\/bike-park-prenj\/"]}]},{"@type":"ImageObject","inLanguage":"en-US","@id":"https:\/\/www.herzegovinabike.ba\/bike-park-prenj\/#primaryimage","url":"http:\/\/www.herzegovinabike.ba\/assets\/2015\/02\/prenj-slika.jpg","contentUrl":"http:\/\/www.herzegovinabike.ba\/assets\/2015\/02\/prenj-slika.jpg"},{"@type":"BreadcrumbList","@id":"https:\/\/www.herzegovinabike.ba\/bike-park-prenj\/#breadcrumb","itemListElement":[{"@type":"ListItem","position":1,"name":"Po\u010detna stranica","item":"https:\/\/www.herzegovinabike.ba\/"},{"@type":"ListItem","position":2,"name":"Bike Park Prenj"}]},{"@type":"WebSite","@id":"https:\/\/www.herzegovinabike.ba\/#website","url":"https:\/\/www.herzegovinabike.ba\/","name":"HerzegovinaBike","description":"Your place under the sun","publisher":{"@id":"https:\/\/www.herzegovinabike.ba\/#organization"},"potentialAction":[{"@type":"SearchAction","target":{"@type":"EntryPoint","urlTemplate":"https:\/\/www.herzegovinabike.ba\/?s={search_term_string}"},"query-input":{"@type":"PropertyValueSpecification","valueRequired":true,"valueName":"search_term_string"}}],"inLanguage":"en-US"},{"@type":"Organization","@id":"https:\/\/www.herzegovinabike.ba\/#organization","name":"Association HerzegovinaBike","url":"https:\/\/www.herzegovinabike.ba\/","logo":{"@type":"ImageObject","inLanguage":"en-US","@id":"https:\/\/www.herzegovinabike.ba\/#\/schema\/logo\/image\/","url":"https:\/\/www.bike.herzegovinabike.ba\/wp-content\/uploads\/2023\/11\/herzegovina_bike_logo_horizontal.png","contentUrl":"https:\/\/www.bike.herzegovinabike.ba\/wp-content\/uploads\/2023\/11\/herzegovina_bike_logo_horizontal.png","width":1757,"height":1061,"caption":"Udruga HerzegovinaBike"},"image":{"@id":"https:\/\/www.herzegovinabike.ba\/#\/schema\/logo\/image\/"},"sameAs":["https:\/\/www.facebook.com\/HerzegovinaBike","https:\/\/www.instagram.com\/herzegovinabike\/"]}]}},"_links":{"self":[{"href":"https:\/\/www.herzegovinabike.ba\/en\/wp-json\/wp\/v2\/pages\/10543","targetHints":{"allow":["GET"]}}],"collection":[{"href":"https:\/\/www.herzegovinabike.ba\/en\/wp-json\/wp\/v2\/pages"}],"about":[{"href":"https:\/\/www.herzegovinabike.ba\/en\/wp-json\/wp\/v2\/types\/page"}],"author":[{"embeddable":true,"href":"https:\/\/www.herzegovinabike.ba\/en\/wp-json\/wp\/v2\/users\/2"}],"replies":[{"embeddable":true,"href":"https:\/\/www.herzegovinabike.ba\/en\/wp-json\/wp\/v2\/comments?post=10543"}],"version-history":[{"count":5,"href":"https:\/\/www.herzegovinabike.ba\/en\/wp-json\/wp\/v2\/pages\/10543\/revisions"}],"predecessor-version":[{"id":18645,"href":"https:\/\/www.herzegovinabike.ba\/en\/wp-json\/wp\/v2\/pages\/10543\/revisions\/18645"}],"wp:attachment":[{"href":"https:\/\/www.herzegovinabike.ba\/en\/wp-json\/wp\/v2\/media?parent=10543"}],"curies":[{"name":"wp","href":"https:\/\/api.w.org\/{rel}","templated":true}]}}