{"id":10550,"date":"2023-11-16T09:52:50","date_gmt":"2023-11-16T08:52:50","guid":{"rendered":"https:\/\/www.bike.herzegovinabike.ba\/?page_id=10550"},"modified":"2025-06-28T09:21:35","modified_gmt":"2025-06-28T07:21:35","slug":"bike-park-velez","status":"publish","type":"page","link":"https:\/\/www.herzegovinabike.ba\/en\/bike-park-velez\/","title":{"rendered":"Bike Park Vele\u017e"},"content":{"rendered":"<p><strong><a title=\"Bike Park Vele\u017e\" href=\"http:\/\/www.herzegovinabike.ba\/en\/?page_id=2081&amp;lang=en\">ABOUT THE PARK<\/a><\/strong><a href=\"https:\/\/www.herzegovinabike.ba\/en\/?page_id=1296\">\u00a0\u00a0<\/a>\u00a0<a href=\"https:\/\/www.herzegovinabike.ba\/en\/staze-na-hutovu-blatu\/\">\u00a0<\/a><strong>TRAILS\u00a0 \u00a0 \u00a0ACCOMMODATION<a href=\"https:\/\/www.herzegovinabike.ba\/en\/?smjestaj=hostel-most\" target=\"_blank\" rel=\"noopener\">\u00a0<\/a>\u00a0 \u00a0<a href=\"https:\/\/www.herzegovinabike.ba\/en\/?gastro=restoran-kartingklub\" target=\"_blank\" rel=\"noopener\">\u00a0GASTRO<\/a>\u00a0\u00a0 \u00a0INFORMATION \u00a0 \u00a0MULTIMEDIA<\/strong><\/p>\n\n\n\n<p><strong>BIKE PARK VELE\u017d<\/strong>&nbsp;consists of 200 km of forest and macadam roads that have been drawn and marked on the Vele\u017e mountain, and which are primarily intended for mountain biking but also for other recreational purposes.<\/p>\n\n\n\n<p><iframe loading=\"lazy\" src=\"https:\/\/www.google.com\/maps\/d\/u\/3\/embed?mid=z74Hckl6EbEM.ktMpHYjcppRs\" width=\"100%\" height=\"550\"><\/iframe><\/p>\n\n\n\n<p><span style=\"font-size: small;\"><strong>The mountain biking association MTBA, Mostar<\/strong><\/span><\/p>\n\n\n\n<p><span style=\"font-size: small;\"><span style=\"font-size: x-large; color: #339966;\">____<\/span>&nbsp;<strong>Easy Bike Route<\/strong>&nbsp;<strong>&nbsp; &nbsp; &nbsp;&nbsp;<span style=\"font-size: x-large; color: #3366ff;\">&nbsp;<\/span><\/strong><span style=\"font-size: x-large; color: #3366ff;\">____<\/span><strong>Intermediate Bike Route<\/strong>&nbsp;<strong>&nbsp; &nbsp;<span style=\"color: #ff0000;\">&nbsp;<\/span><\/strong><\/span><span style=\"color: #ff0000;\"><strong style=\"font-size: small;\">&nbsp;<\/strong><span style=\"font-size: x-large;\">____<\/span><\/span><strong style=\"font-size: small;\">Advanced Bike Route<\/strong><span style=\"font-size: small;\">&nbsp;<\/span><\/p>\n\n\n\n<p>Info panels with a map of the entire area and other useful information are placed at the five main \"entrance\" points. Info points are set up in the following places:<\/p>\n\n\n\n<p><strong>1. Mostar (in front of the train station)<\/strong><br><strong>2. Blagaj (in front of the Eco Center)<\/strong><br><strong>3. Ruji\u0161te ski resort (in front of the Snow House motel)<\/strong><br><strong>4. Podvele\u017eje (in front of the Sunce motel)<\/strong><br><strong>5. Dra\u010device (in front of the Cultural Center)<\/strong><\/p>\n\n\n\n<p>Smaller maps have also been produced, which can be obtained at the info centers of TZ, cycling clubs and tourist facilities in the area.<\/p>\n\n\n\n<p>Use only marked paths with the help of small maps or GPS devices.<\/p>\n\n\n\n<p>Use the trails at your own risk and behave responsibly so as not to endanger your own safety and the safety of others.<\/p>\n\n\n<div class=\"wp-block-image\">\n<figure class=\"alignright\"><img decoding=\"async\" src=\"data:image\/png;base64,iVBORw0KGgoAAAANSUhEUgAAAGQAAABkCAYAAABw4pVUAAAFAUlEQVR4Xu2d61YjMQyD2\/d\/6HJKyyEL48mnKKFZ0P6t63EkX+QwsNfb7Xa75N82CFxDyDZcvAcSQvbiI4RsxkcICSG7IbBZPOUMuV6v00OtBB15Vvtd1b49SPVdJzYVqDNhG0KeaIaQJq3UjFftf12FOLtjC17VdtTsJPZqzE6cpGVV\/r9+F7Us9XBVRoaQBzL2DAkhfSB7VbKsQtT+rbaCWSqIqDKSaCT+igy1I5xenawORPVP5kYLTAhp0CCZEUKO60oe6rNa1orBryZCVVFqbL+iZamHJi0rhBSpQYAJIZu1LKKmnDmjttaq7agxEGExdQ9RD6oeiFSXSibp8SGkuE0OIUX90M1ydEMllaPuEqRy1IvG1Thsf5dFiCJ9WpW0xCfZ7NXWF0IaBEhFbVkhvbZEP1fnw2729Jw9O1tl9R5AP98NYDUees6eXQhpXs4kM4qIiR7oZ58PEeI8kHyXAKPuD45PIgLIuVybl7256IDn3GsRwBw1Rfyf2YSQA3S2JGSWJCR+1KwiUnSFDWmh7nnRz0OcpckN8AiEFWCTNhhCCgT+JCEtFuoNr3p9QABe7dM5I4mf2NzPiIa6E2xFLFnKyGwhao0MaeeMBGxiE0IaxrcnRB3G5EBkKDpVobbZFWLFPaOlshwAnM2YlL+aIGoLdfwPLYapkAdsjhweSTo01FWFQ+xJayI2BDD1snCWCAghxZAOIWChI9lPbP5khTha35lFTmaT584azAQf2r7QDCEPJJlKgiLPItIyhBR\/MoUAo27zIaR5qW1FJcyqHBIbaYNEZRElOeLHallkMSQghZBPBELIQaqPZPaHG3KLMLSpk75OKoRkPyl\/MjeIHxVsZwaOxLy8QkLId1rs14BIGRJNPys7VZJJ\/KS6yHNdHOTbXlKGswBQFZG6wxD\/FQmklY3gEEKeiKuZHUI2+wWfHyeE9FQyE0jZkuwkrUPdeRyfRIWSs3\/FGaks8nCHwBAiLoYh5GyVu1yImCDd5P4UVCFq6ZEAVbVG7MmiSoGZtXmrfkLIefKX2d\/52rePaVKHkP+FENJ2yKsz6sAm2zCZaUSWzspyghU9F1oMVeDVDVidDyHkRb+jRwbwzOzsVQx5FklG+3JRVS8kcFIVdBAeKRnVP7HvEfZtyQO3C1MXw6ovhpAHMiNzDKmsVIhaGwsIIe2CZIDjh8BA5kzlx1GAancgZ3mvqup\/2HGAJKqMVB05RAhpUEqFPMBQE\/As0eQZQrKW2JAKVPcNVXKShCLtjjy3anG2yiJgE5sQcoxSKuQAFzKXZkl7XCGzFMgsNULicVoHAVidFWoXwCqLtCBiox5IVWIhhLDQ2ISQPmDWHtJ3X\/94c7V6UdvFLHu19Q3NEDLkVIBVe2eGkPhDSMEIybCKzFkt0SGQxD90\/U4czwLGedaKGEgrJs8li63dsla0jhDySYs81EPIef2Qtye3bFmziFWri+wqZBY592BnlL6sQkKIeJelZp56RRJCNiOE7CGqktnZJ91zXtaydgaPyN5ZFb6l7HUuEVeAt8LnsgohwZKFiAb44cvJSDVmZ1MnZ5+qstTDEXGgAkBmCyGQ+CGt1d09\/iHReeuEkBNCHiiRpLvboaFOgCc26lJGyp8saD9pQ2K2WxYBm9iEkD5KqZAnRrOqaFmF9LmMxQoEXvYa0IrD\/AafIWQzFkNICNkMgc3CSYWEkM0Q2CycNyT1gVy0FYLkAAAAAElFTkSuQmCC\" alt=\"\"\/><\/figure>\n<\/div>\n\n\n<p><strong>Download KMZ<\/strong><\/p>\n\n\n\n<p><strong><a href=\"https:\/\/www.bike.herzegovinabike.ba\/wp-content\/uploads\/2023\/11\/MTBAPrenj_Velez_mapa_web-2.pdf\" target=\"_blank\" rel=\"noreferrer noopener\">Download\u00a0<strong>MTB Prenj &amp; Vele\u017e map<\/strong><\/a><\/strong><\/p>","protected":false},"excerpt":{"rendered":"<p>O PARKU\u00a0\u00a0\u00a0\u00a0STAZE\u00a0 \u00a0 \u00a0SMJE\u0160TAJ\u00a0\u00a0 \u00a0\u00a0GASTRO\u00a0\u00a0 \u00a0INFORMACIJE \u00a0 \u00a0MULTIMEDIA BIKE PARK VELE\u017d&nbsp;sastoji se od 200 km \u0161umskih i makadamskih puteva koji su ucrtani i markirani na planini Vele\u017e, a koji su prvenstveno namijenjeni brdskom biciklizmu ali i drugim rekreativnim svrhama. The mountain biking association MTBA, Mostar ____&nbsp;Easy Bike Route&nbsp;&nbsp; &nbsp; &nbsp;&nbsp;&nbsp;____Intermediate Bike Route&nbsp;&nbsp; &nbsp;&nbsp;&nbsp;____Advanced Bike Route&nbsp; [&hellip;]<\/p>\n","protected":false},"author":2,"featured_media":0,"parent":0,"menu_order":0,"comment_status":"closed","ping_status":"closed","template":"","meta":{"footnotes":""},"class_list":["post-10550","page","type-page","status-publish","hentry"],"yoast_head":"<!-- This site is optimized with the Yoast SEO Premium plugin v21.5 (Yoast SEO v27.2) - https:\/\/yoast.com\/product\/yoast-seo-premium-wordpress\/ -->\n<title>Bike Park Vele\u017e - HerzegovinaBike<\/title>\n<meta name=\"description\" content=\"BIKE PARK VELE\u017d\u00a0consists of 200km of forest and gravel roads which have been mapped and marked on the Vele\u017e mountain, and which are\" \/>\n<meta name=\"robots\" content=\"index, follow, max-snippet:-1, max-image-preview:large, max-video-preview:-1\" \/>\n<link rel=\"canonical\" href=\"https:\/\/www.herzegovinabike.ba\/en\/bike-park-velez\/\" \/>\n<meta property=\"og:locale\" content=\"en_US\" \/>\n<meta property=\"og:type\" content=\"article\" \/>\n<meta property=\"og:title\" content=\"Bike Park Vele\u017e\" \/>\n<meta property=\"og:description\" content=\"BIKE PARK VELE\u017d\u00a0consists of 200km of forest and gravel roads which have been mapped and marked on the Vele\u017e mountain, and which are\" \/>\n<meta property=\"og:url\" content=\"https:\/\/www.herzegovinabike.ba\/en\/bike-park-velez\/\" \/>\n<meta property=\"og:site_name\" content=\"HerzegovinaBike\" \/>\n<meta property=\"article:publisher\" content=\"https:\/\/www.facebook.com\/HerzegovinaBike\" \/>\n<meta property=\"article:modified_time\" content=\"2025-06-28T07:21:35+00:00\" \/>\n<meta name=\"twitter:card\" content=\"summary_large_image\" \/>\n<meta name=\"twitter:label1\" content=\"Est. reading time\" \/>\n\t<meta name=\"twitter:data1\" content=\"2 minutes\" \/>\n<script type=\"application\/ld+json\" class=\"yoast-schema-graph\">{\"@context\":\"https:\/\/schema.org\",\"@graph\":[{\"@type\":\"WebPage\",\"@id\":\"https:\/\/www.herzegovinabike.ba\/bike-park-velez\/\",\"url\":\"https:\/\/www.herzegovinabike.ba\/bike-park-velez\/\",\"name\":\"Bike Park Vele\u017e - HerzegovinaBike\",\"isPartOf\":{\"@id\":\"https:\/\/www.herzegovinabike.ba\/#website\"},\"datePublished\":\"2023-11-16T08:52:50+00:00\",\"dateModified\":\"2025-06-28T07:21:35+00:00\",\"description\":\"BIKE PARK VELE\u017d\u00a0consists of 200km of forest and gravel roads which have been mapped and marked on the Vele\u017e mountain, and which are\",\"breadcrumb\":{\"@id\":\"https:\/\/www.herzegovinabike.ba\/bike-park-velez\/#breadcrumb\"},\"inLanguage\":\"en-US\",\"potentialAction\":[{\"@type\":\"ReadAction\",\"target\":[\"https:\/\/www.herzegovinabike.ba\/bike-park-velez\/\"]}]},{\"@type\":\"BreadcrumbList\",\"@id\":\"https:\/\/www.herzegovinabike.ba\/bike-park-velez\/#breadcrumb\",\"itemListElement\":[{\"@type\":\"ListItem\",\"position\":1,\"name\":\"Po\u010detna stranica\",\"item\":\"https:\/\/www.herzegovinabike.ba\/\"},{\"@type\":\"ListItem\",\"position\":2,\"name\":\"Bike Park Vele\u017e\"}]},{\"@type\":\"WebSite\",\"@id\":\"https:\/\/www.herzegovinabike.ba\/#website\",\"url\":\"https:\/\/www.herzegovinabike.ba\/\",\"name\":\"HerzegovinaBike\",\"description\":\"Your place under the sun\",\"publisher\":{\"@id\":\"https:\/\/www.herzegovinabike.ba\/#organization\"},\"potentialAction\":[{\"@type\":\"SearchAction\",\"target\":{\"@type\":\"EntryPoint\",\"urlTemplate\":\"https:\/\/www.herzegovinabike.ba\/?s={search_term_string}\"},\"query-input\":{\"@type\":\"PropertyValueSpecification\",\"valueRequired\":true,\"valueName\":\"search_term_string\"}}],\"inLanguage\":\"en-US\"},{\"@type\":\"Organization\",\"@id\":\"https:\/\/www.herzegovinabike.ba\/#organization\",\"name\":\"Udruga HerzegovinaBike\",\"url\":\"https:\/\/www.herzegovinabike.ba\/\",\"logo\":{\"@type\":\"ImageObject\",\"inLanguage\":\"en-US\",\"@id\":\"https:\/\/www.herzegovinabike.ba\/#\/schema\/logo\/image\/\",\"url\":\"https:\/\/www.bike.herzegovinabike.ba\/wp-content\/uploads\/2023\/11\/herzegovina_bike_logo_horizontal.png\",\"contentUrl\":\"https:\/\/www.bike.herzegovinabike.ba\/wp-content\/uploads\/2023\/11\/herzegovina_bike_logo_horizontal.png\",\"width\":1757,\"height\":1061,\"caption\":\"Udruga HerzegovinaBike\"},\"image\":{\"@id\":\"https:\/\/www.herzegovinabike.ba\/#\/schema\/logo\/image\/\"},\"sameAs\":[\"https:\/\/www.facebook.com\/HerzegovinaBike\",\"https:\/\/www.instagram.com\/herzegovinabike\/\"]}]}<\/script>\n<!-- \/ Yoast SEO Premium plugin. -->","yoast_head_json":{"title":"Bike Park Vele\u017e - HerzegovinaBike","description":"BIKE PARK VELE\u017d\u00a0consists of 200km of forest and gravel roads which have been mapped and marked on the Vele\u017e mountain, and which are","robots":{"index":"index","follow":"follow","max-snippet":"max-snippet:-1","max-image-preview":"max-image-preview:large","max-video-preview":"max-video-preview:-1"},"canonical":"https:\/\/www.herzegovinabike.ba\/en\/bike-park-velez\/","og_locale":"en_US","og_type":"article","og_title":"Bike Park Vele\u017e","og_description":"BIKE PARK VELE\u017d\u00a0consists of 200km of forest and gravel roads which have been mapped and marked on the Vele\u017e mountain, and which are","og_url":"https:\/\/www.herzegovinabike.ba\/en\/bike-park-velez\/","og_site_name":"HerzegovinaBike","article_publisher":"https:\/\/www.facebook.com\/HerzegovinaBike","article_modified_time":"2025-06-28T07:21:35+00:00","twitter_card":"summary_large_image","twitter_misc":{"Est. reading time":"2 minutes"},"schema":{"@context":"https:\/\/schema.org","@graph":[{"@type":"WebPage","@id":"https:\/\/www.herzegovinabike.ba\/bike-park-velez\/","url":"https:\/\/www.herzegovinabike.ba\/bike-park-velez\/","name":"Bike Park Vele\u017e - HerzegovinaBike","isPartOf":{"@id":"https:\/\/www.herzegovinabike.ba\/#website"},"datePublished":"2023-11-16T08:52:50+00:00","dateModified":"2025-06-28T07:21:35+00:00","description":"BIKE PARK VELE\u017d\u00a0consists of 200km of forest and gravel roads which have been mapped and marked on the Vele\u017e mountain, and which are","breadcrumb":{"@id":"https:\/\/www.herzegovinabike.ba\/bike-park-velez\/#breadcrumb"},"inLanguage":"en-US","potentialAction":[{"@type":"ReadAction","target":["https:\/\/www.herzegovinabike.ba\/bike-park-velez\/"]}]},{"@type":"BreadcrumbList","@id":"https:\/\/www.herzegovinabike.ba\/bike-park-velez\/#breadcrumb","itemListElement":[{"@type":"ListItem","position":1,"name":"Po\u010detna stranica","item":"https:\/\/www.herzegovinabike.ba\/"},{"@type":"ListItem","position":2,"name":"Bike Park Vele\u017e"}]},{"@type":"WebSite","@id":"https:\/\/www.herzegovinabike.ba\/#website","url":"https:\/\/www.herzegovinabike.ba\/","name":"HerzegovinaBike","description":"Your place under the sun","publisher":{"@id":"https:\/\/www.herzegovinabike.ba\/#organization"},"potentialAction":[{"@type":"SearchAction","target":{"@type":"EntryPoint","urlTemplate":"https:\/\/www.herzegovinabike.ba\/?s={search_term_string}"},"query-input":{"@type":"PropertyValueSpecification","valueRequired":true,"valueName":"search_term_string"}}],"inLanguage":"en-US"},{"@type":"Organization","@id":"https:\/\/www.herzegovinabike.ba\/#organization","name":"Association HerzegovinaBike","url":"https:\/\/www.herzegovinabike.ba\/","logo":{"@type":"ImageObject","inLanguage":"en-US","@id":"https:\/\/www.herzegovinabike.ba\/#\/schema\/logo\/image\/","url":"https:\/\/www.bike.herzegovinabike.ba\/wp-content\/uploads\/2023\/11\/herzegovina_bike_logo_horizontal.png","contentUrl":"https:\/\/www.bike.herzegovinabike.ba\/wp-content\/uploads\/2023\/11\/herzegovina_bike_logo_horizontal.png","width":1757,"height":1061,"caption":"Udruga HerzegovinaBike"},"image":{"@id":"https:\/\/www.herzegovinabike.ba\/#\/schema\/logo\/image\/"},"sameAs":["https:\/\/www.facebook.com\/HerzegovinaBike","https:\/\/www.instagram.com\/herzegovinabike\/"]}]}},"_links":{"self":[{"href":"https:\/\/www.herzegovinabike.ba\/en\/wp-json\/wp\/v2\/pages\/10550","targetHints":{"allow":["GET"]}}],"collection":[{"href":"https:\/\/www.herzegovinabike.ba\/en\/wp-json\/wp\/v2\/pages"}],"about":[{"href":"https:\/\/www.herzegovinabike.ba\/en\/wp-json\/wp\/v2\/types\/page"}],"author":[{"embeddable":true,"href":"https:\/\/www.herzegovinabike.ba\/en\/wp-json\/wp\/v2\/users\/2"}],"replies":[{"embeddable":true,"href":"https:\/\/www.herzegovinabike.ba\/en\/wp-json\/wp\/v2\/comments?post=10550"}],"version-history":[{"count":5,"href":"https:\/\/www.herzegovinabike.ba\/en\/wp-json\/wp\/v2\/pages\/10550\/revisions"}],"predecessor-version":[{"id":18646,"href":"https:\/\/www.herzegovinabike.ba\/en\/wp-json\/wp\/v2\/pages\/10550\/revisions\/18646"}],"wp:attachment":[{"href":"https:\/\/www.herzegovinabike.ba\/en\/wp-json\/wp\/v2\/media?parent=10550"}],"curies":[{"name":"wp","href":"https:\/\/api.w.org\/{rel}","templated":true}]}}