{"id":1258,"date":"2013-11-24T19:55:36","date_gmt":"2013-11-24T18:55:36","guid":{"rendered":"http:\/\/www.herzegovinabike.ba\/?page_id=1258"},"modified":"2025-06-28T09:22:22","modified_gmt":"2025-06-28T07:22:22","slug":"projekt-hercegovina-bicikl","status":"publish","type":"page","link":"https:\/\/www.herzegovinabike.ba\/en\/projekt-hercegovina-bicikl\/","title":{"rendered":"Project Herzegovina Bike"},"content":{"rendered":"<figure class=\"wp-block-video\"><video height=\"1080\" style=\"aspect-ratio: 1920 \/ 1080;\" width=\"1920\" autoplay controls loop muted src=\"https:\/\/www.herzegovinabike.ba\/wp-content\/uploads\/2024\/12\/Beige-Grey-Clean-Fitness-Running-YouTube-Intro-Video.mp4\" playsinline><\/video><\/figure>\n\n\n\n<p>Association for the promotion of cycling <strong>\"Herzegovina Bike\"<\/strong> has launched an ambitious project to create a network of bicycle paths throughout Herzegovina, guided by its fundamental goals \u2013 the popularization of cycling as a sport and a tool for connecting the region's tourism potential. This project not only promotes sports and recreational cycling, but also opens the door to the development of cyclotourism as a unique form of sustainable tourism.<\/p>\n\n\n\n<h5 class=\"wp-block-heading\">Herzegovina \u2013 a region of unimaginable beauty<\/h5>\n\n\n<div class=\"wp-block-image\">\n<figure class=\"aligncenter size-full\"><img loading=\"lazy\" decoding=\"async\" width=\"800\" height=\"600\" src=\"https:\/\/www.herzegovinabike.ba\/wp-content\/uploads\/2023\/11\/Kravica-Ljubuski-Perica-Bisko-26-2.jpg\" alt=\"\" class=\"wp-image-9598\" srcset=\"https:\/\/www.herzegovinabike.ba\/wp-content\/uploads\/2023\/11\/Kravica-Ljubuski-Perica-Bisko-26-2.jpg 800w, https:\/\/www.herzegovinabike.ba\/wp-content\/uploads\/2023\/11\/Kravica-Ljubuski-Perica-Bisko-26-2-600x450.jpg 600w, https:\/\/www.herzegovinabike.ba\/wp-content\/uploads\/2023\/11\/Kravica-Ljubuski-Perica-Bisko-26-2-300x225.jpg 300w, https:\/\/www.herzegovinabike.ba\/wp-content\/uploads\/2023\/11\/Kravica-Ljubuski-Perica-Bisko-26-2-768x576.jpg 768w, https:\/\/www.herzegovinabike.ba\/wp-content\/uploads\/2023\/11\/Kravica-Ljubuski-Perica-Bisko-26-2-16x12.jpg 16w\" sizes=\"auto, (max-width: 800px) 100vw, 800px\" \/><\/figure>\n<\/div>\n\n\n<p>Herzegovina is one of the most beautiful regions in this part of Europe. With its authentic spirit and diverse landscape, it is both mountainous and lowland, coastal and continental. In a relatively small area, a wealth of relief forms, diverse flora and fauna, and unique historical and cultural monuments meet. It is precisely these attributes that make Herzegovina an ideal destination for branding as a cyclotourism region, with the aim of expanding the tourist season and better utilization of resources throughout the year.<\/p>\n\n\n\n<h5 class=\"wp-block-heading\">Herzegovina bicycle path network<\/h5>\n\n\n\n<p><strong>The Bicycle Network Project of Herzegovina<\/strong> includes the mapping, marking, signaling and promotion of the most attractive cycling routes that connect the key tourist destinations of the region. In addition to the physical marking of the routes, the project also envisages a digital presentation via our website, which can rightly be considered one of the most comprehensive cycling platforms in the country.<\/p>\n\n\n<div class=\"wp-block-image\">\n<figure class=\"aligncenter size-large\"><img loading=\"lazy\" decoding=\"async\" width=\"1024\" height=\"683\" src=\"https:\/\/www.herzegovinabike.ba\/wp-content\/uploads\/2024\/11\/HerzegovinaBike-i-Komoot-slika-14-1024x683.jpg\" alt=\"\" class=\"wp-image-15364\" srcset=\"https:\/\/www.herzegovinabike.ba\/wp-content\/uploads\/2024\/11\/HerzegovinaBike-i-Komoot-slika-14-1024x683.jpg 1024w, https:\/\/www.herzegovinabike.ba\/wp-content\/uploads\/2024\/11\/HerzegovinaBike-i-Komoot-slika-14-600x400.jpg 600w, https:\/\/www.herzegovinabike.ba\/wp-content\/uploads\/2024\/11\/HerzegovinaBike-i-Komoot-slika-14-300x200.jpg 300w, https:\/\/www.herzegovinabike.ba\/wp-content\/uploads\/2024\/11\/HerzegovinaBike-i-Komoot-slika-14-768x512.jpg 768w, https:\/\/www.herzegovinabike.ba\/wp-content\/uploads\/2024\/11\/HerzegovinaBike-i-Komoot-slika-14-18x12.jpg 18w, https:\/\/www.herzegovinabike.ba\/wp-content\/uploads\/2024\/11\/HerzegovinaBike-i-Komoot-slika-14.jpg 1200w\" sizes=\"auto, (max-width: 1024px) 100vw, 1024px\" \/><\/figure>\n<\/div>\n\n\n<p><\/p>\n\n\n\n<h5 class=\"wp-block-heading\">Website content<\/h5>\n\n\n\n<p>On our website users can find:<\/p>\n\n\n\n<ul class=\"wp-block-list\">\n<li><strong>Detailed descriptions of bike paths<\/strong>, including historical, cultural and natural sights along the route.<\/li>\n\n\n\n<li><strong><a href=\"https:\/\/www.herzegovinabike.ba\/en\/gdje-spavati\/\">Tourist and catering offer<\/a><\/strong>, with recommendations for accommodation and gastronomy.<\/li>\n\n\n\n<li><strong>Photo and video galleries<\/strong>, which represent the natural and cultural wealth of Herzegovina in a picturesque way.<\/li>\n\n\n\n<li><strong><a href=\"https:\/\/www.herzegovinabike.ba\/en\/tematske-staze\/\">Thematic routes<\/a><\/strong> such as wine roads, historical trails or cultural-tourism projects such as the Ciro Trail, the Franciscan route and others.<\/li>\n\n\n\n<li>Links to key institutions and organizations related to tourism development in the region.<\/li>\n<\/ul>\n\n\n\n<p>The site is available in English, and there are plans to expand it to German, French, and Italian, further opening the door to international visitors.<\/p>\n\n\n\n<h5 class=\"wp-block-heading\">In line with sustainable development<\/h5>\n\n\n\n<p>The HerzegovinaBike project is fully aligned with the policy <a href=\"https:\/\/www.eeas.europa.eu\/delegations\/bosnia-and-herzegovina_bs?s=219\" target=\"_blank\" rel=\"noreferrer noopener\">European Union<\/a> in the context of developing sustainable tourism, in line with the Lisbon Strategy. Cycling tourism is recognized as a tool for improving the quality of life in a sustainable way, both for current and future generations.<\/p>\n\n\n\n<p>We invite you to join us on this journey through the natural beauty and cultural wealth of Herzegovina, and together with us contribute to the development of cycle tourism as a strong foundation for sustainable tourism in the region.<\/p>","protected":false},"excerpt":{"rendered":"<p>Udruga za promociju biciklizma &#8220;Hercegovina Bicikl&#8221; pokrenula je ambiciozan projekt stvaranja mre\u017ee biciklisti\u010dkih staza diljem Hercegovine, vo\u0111ena svojim temeljnim ciljevima \u2013 popularizacijom biciklizma kao sporta i alata za povezivanje turisti\u010dkih potencijala regije. Ovaj projekt ne samo da promovira sportsko-rekreativni biciklizam, ve\u0107 otvara vrata razvoju cikloturizma kao jedinstvenog oblika odr\u017eivog turizma. Hercegovina \u2013 regija neslu\u0107enih ljepota [&hellip;]<\/p>\n","protected":false},"author":2,"featured_media":0,"parent":0,"menu_order":0,"comment_status":"closed","ping_status":"open","template":"","meta":{"footnotes":""},"class_list":["post-1258","page","type-page","status-publish","hentry"],"yoast_head":"<!-- This site is optimized with the Yoast SEO Premium plugin v21.5 (Yoast SEO v27.2) - https:\/\/yoast.com\/product\/yoast-seo-premium-wordpress\/ -->\n<title>Projekt Hercegovina Bicikl - HerzegovinaBike<\/title>\n<meta name=\"description\" content=\"Udruga za promociju biciklizma &quot;HercegovinaBike&quot; pokrenula je ambiciozan projekt stvaranja mre\u017ee biciklisti\u010dkih staza diljem Hercegovine...\" \/>\n<meta name=\"robots\" content=\"index, follow, max-snippet:-1, max-image-preview:large, max-video-preview:-1\" \/>\n<link rel=\"canonical\" href=\"https:\/\/www.herzegovinabike.ba\/en\/projekt-hercegovina-bicikl\/\" \/>\n<meta property=\"og:locale\" content=\"en_US\" \/>\n<meta property=\"og:type\" content=\"article\" \/>\n<meta property=\"og:title\" content=\"Projekt Hercegovina Bicikl\" \/>\n<meta property=\"og:description\" content=\"Udruga za promociju biciklizma &quot;HercegovinaBike&quot; pokrenula je ambiciozan projekt stvaranja mre\u017ee biciklisti\u010dkih staza diljem Hercegovine...\" \/>\n<meta property=\"og:url\" content=\"https:\/\/www.herzegovinabike.ba\/en\/projekt-hercegovina-bicikl\/\" \/>\n<meta property=\"og:site_name\" content=\"HerzegovinaBike\" \/>\n<meta property=\"article:publisher\" content=\"https:\/\/www.facebook.com\/HerzegovinaBike\" \/>\n<meta property=\"article:modified_time\" content=\"2025-06-28T07:22:22+00:00\" \/>\n<meta property=\"og:image\" content=\"https:\/\/www.herzegovinabike.ba\/wp-content\/uploads\/2023\/11\/Kravica-Ljubuski-Perica-Bisko-26-2.jpg\" \/>\n\t<meta property=\"og:image:width\" content=\"800\" \/>\n\t<meta property=\"og:image:height\" content=\"600\" \/>\n\t<meta property=\"og:image:type\" content=\"image\/jpeg\" \/>\n<meta name=\"twitter:card\" content=\"summary_large_image\" \/>\n<meta name=\"twitter:label1\" content=\"Est. reading time\" \/>\n\t<meta name=\"twitter:data1\" content=\"3 minutes\" \/>\n<script type=\"application\/ld+json\" class=\"yoast-schema-graph\">{\"@context\":\"https:\/\/schema.org\",\"@graph\":[{\"@type\":\"WebPage\",\"@id\":\"https:\/\/www.herzegovinabike.ba\/projekt-hercegovina-bicikl\/\",\"url\":\"https:\/\/www.herzegovinabike.ba\/projekt-hercegovina-bicikl\/\",\"name\":\"Projekt Hercegovina Bicikl - HerzegovinaBike\",\"isPartOf\":{\"@id\":\"https:\/\/www.herzegovinabike.ba\/#website\"},\"primaryImageOfPage\":{\"@id\":\"https:\/\/www.herzegovinabike.ba\/projekt-hercegovina-bicikl\/#primaryimage\"},\"image\":{\"@id\":\"https:\/\/www.herzegovinabike.ba\/projekt-hercegovina-bicikl\/#primaryimage\"},\"thumbnailUrl\":\"https:\/\/www.herzegovinabike.ba\/wp-content\/uploads\/2023\/11\/Kravica-Ljubuski-Perica-Bisko-26-2.jpg\",\"datePublished\":\"2013-11-24T18:55:36+00:00\",\"dateModified\":\"2025-06-28T07:22:22+00:00\",\"description\":\"Udruga za promociju biciklizma \\\"HercegovinaBike\\\" pokrenula je ambiciozan projekt stvaranja mre\u017ee biciklisti\u010dkih staza diljem Hercegovine...\",\"breadcrumb\":{\"@id\":\"https:\/\/www.herzegovinabike.ba\/projekt-hercegovina-bicikl\/#breadcrumb\"},\"inLanguage\":\"en-US\",\"potentialAction\":[{\"@type\":\"ReadAction\",\"target\":[\"https:\/\/www.herzegovinabike.ba\/projekt-hercegovina-bicikl\/\"]}]},{\"@type\":\"ImageObject\",\"inLanguage\":\"en-US\",\"@id\":\"https:\/\/www.herzegovinabike.ba\/projekt-hercegovina-bicikl\/#primaryimage\",\"url\":\"https:\/\/www.herzegovinabike.ba\/wp-content\/uploads\/2023\/11\/Kravica-Ljubuski-Perica-Bisko-26-2.jpg\",\"contentUrl\":\"https:\/\/www.herzegovinabike.ba\/wp-content\/uploads\/2023\/11\/Kravica-Ljubuski-Perica-Bisko-26-2.jpg\"},{\"@type\":\"BreadcrumbList\",\"@id\":\"https:\/\/www.herzegovinabike.ba\/projekt-hercegovina-bicikl\/#breadcrumb\",\"itemListElement\":[{\"@type\":\"ListItem\",\"position\":1,\"name\":\"Po\u010detna stranica\",\"item\":\"https:\/\/www.herzegovinabike.ba\/\"},{\"@type\":\"ListItem\",\"position\":2,\"name\":\"Projekt Hercegovina Bicikl\"}]},{\"@type\":\"WebSite\",\"@id\":\"https:\/\/www.herzegovinabike.ba\/#website\",\"url\":\"https:\/\/www.herzegovinabike.ba\/\",\"name\":\"HerzegovinaBike\",\"description\":\"Your place under the sun\",\"publisher\":{\"@id\":\"https:\/\/www.herzegovinabike.ba\/#organization\"},\"potentialAction\":[{\"@type\":\"SearchAction\",\"target\":{\"@type\":\"EntryPoint\",\"urlTemplate\":\"https:\/\/www.herzegovinabike.ba\/?s={search_term_string}\"},\"query-input\":{\"@type\":\"PropertyValueSpecification\",\"valueRequired\":true,\"valueName\":\"search_term_string\"}}],\"inLanguage\":\"en-US\"},{\"@type\":\"Organization\",\"@id\":\"https:\/\/www.herzegovinabike.ba\/#organization\",\"name\":\"Udruga HerzegovinaBike\",\"url\":\"https:\/\/www.herzegovinabike.ba\/\",\"logo\":{\"@type\":\"ImageObject\",\"inLanguage\":\"en-US\",\"@id\":\"https:\/\/www.herzegovinabike.ba\/#\/schema\/logo\/image\/\",\"url\":\"https:\/\/www.bike.herzegovinabike.ba\/wp-content\/uploads\/2023\/11\/herzegovina_bike_logo_horizontal.png\",\"contentUrl\":\"https:\/\/www.bike.herzegovinabike.ba\/wp-content\/uploads\/2023\/11\/herzegovina_bike_logo_horizontal.png\",\"width\":1757,\"height\":1061,\"caption\":\"Udruga HerzegovinaBike\"},\"image\":{\"@id\":\"https:\/\/www.herzegovinabike.ba\/#\/schema\/logo\/image\/\"},\"sameAs\":[\"https:\/\/www.facebook.com\/HerzegovinaBike\",\"https:\/\/www.instagram.com\/herzegovinabike\/\"]}]}<\/script>\n<!-- \/ Yoast SEO Premium plugin. -->","yoast_head_json":{"title":"Projekt Hercegovina Bicikl - HerzegovinaBike","description":"Udruga za promociju biciklizma \"HercegovinaBike\" pokrenula je ambiciozan projekt stvaranja mre\u017ee biciklisti\u010dkih staza diljem Hercegovine...","robots":{"index":"index","follow":"follow","max-snippet":"max-snippet:-1","max-image-preview":"max-image-preview:large","max-video-preview":"max-video-preview:-1"},"canonical":"https:\/\/www.herzegovinabike.ba\/en\/projekt-hercegovina-bicikl\/","og_locale":"en_US","og_type":"article","og_title":"Projekt Hercegovina Bicikl","og_description":"Udruga za promociju biciklizma \"HercegovinaBike\" pokrenula je ambiciozan projekt stvaranja mre\u017ee biciklisti\u010dkih staza diljem Hercegovine...","og_url":"https:\/\/www.herzegovinabike.ba\/en\/projekt-hercegovina-bicikl\/","og_site_name":"HerzegovinaBike","article_publisher":"https:\/\/www.facebook.com\/HerzegovinaBike","article_modified_time":"2025-06-28T07:22:22+00:00","og_image":[{"width":800,"height":600,"url":"https:\/\/www.herzegovinabike.ba\/wp-content\/uploads\/2023\/11\/Kravica-Ljubuski-Perica-Bisko-26-2.jpg","type":"image\/jpeg"}],"twitter_card":"summary_large_image","twitter_misc":{"Est. reading time":"3 minutes"},"schema":{"@context":"https:\/\/schema.org","@graph":[{"@type":"WebPage","@id":"https:\/\/www.herzegovinabike.ba\/projekt-hercegovina-bicikl\/","url":"https:\/\/www.herzegovinabike.ba\/projekt-hercegovina-bicikl\/","name":"Projekt Hercegovina Bicikl - HerzegovinaBike","isPartOf":{"@id":"https:\/\/www.herzegovinabike.ba\/#website"},"primaryImageOfPage":{"@id":"https:\/\/www.herzegovinabike.ba\/projekt-hercegovina-bicikl\/#primaryimage"},"image":{"@id":"https:\/\/www.herzegovinabike.ba\/projekt-hercegovina-bicikl\/#primaryimage"},"thumbnailUrl":"https:\/\/www.herzegovinabike.ba\/wp-content\/uploads\/2023\/11\/Kravica-Ljubuski-Perica-Bisko-26-2.jpg","datePublished":"2013-11-24T18:55:36+00:00","dateModified":"2025-06-28T07:22:22+00:00","description":"Udruga za promociju biciklizma \"HercegovinaBike\" pokrenula je ambiciozan projekt stvaranja mre\u017ee biciklisti\u010dkih staza diljem Hercegovine...","breadcrumb":{"@id":"https:\/\/www.herzegovinabike.ba\/projekt-hercegovina-bicikl\/#breadcrumb"},"inLanguage":"en-US","potentialAction":[{"@type":"ReadAction","target":["https:\/\/www.herzegovinabike.ba\/projekt-hercegovina-bicikl\/"]}]},{"@type":"ImageObject","inLanguage":"en-US","@id":"https:\/\/www.herzegovinabike.ba\/projekt-hercegovina-bicikl\/#primaryimage","url":"https:\/\/www.herzegovinabike.ba\/wp-content\/uploads\/2023\/11\/Kravica-Ljubuski-Perica-Bisko-26-2.jpg","contentUrl":"https:\/\/www.herzegovinabike.ba\/wp-content\/uploads\/2023\/11\/Kravica-Ljubuski-Perica-Bisko-26-2.jpg"},{"@type":"BreadcrumbList","@id":"https:\/\/www.herzegovinabike.ba\/projekt-hercegovina-bicikl\/#breadcrumb","itemListElement":[{"@type":"ListItem","position":1,"name":"Po\u010detna stranica","item":"https:\/\/www.herzegovinabike.ba\/"},{"@type":"ListItem","position":2,"name":"Projekt Hercegovina Bicikl"}]},{"@type":"WebSite","@id":"https:\/\/www.herzegovinabike.ba\/#website","url":"https:\/\/www.herzegovinabike.ba\/","name":"HerzegovinaBike","description":"Your place under the sun","publisher":{"@id":"https:\/\/www.herzegovinabike.ba\/#organization"},"potentialAction":[{"@type":"SearchAction","target":{"@type":"EntryPoint","urlTemplate":"https:\/\/www.herzegovinabike.ba\/?s={search_term_string}"},"query-input":{"@type":"PropertyValueSpecification","valueRequired":true,"valueName":"search_term_string"}}],"inLanguage":"en-US"},{"@type":"Organization","@id":"https:\/\/www.herzegovinabike.ba\/#organization","name":"Association HerzegovinaBike","url":"https:\/\/www.herzegovinabike.ba\/","logo":{"@type":"ImageObject","inLanguage":"en-US","@id":"https:\/\/www.herzegovinabike.ba\/#\/schema\/logo\/image\/","url":"https:\/\/www.bike.herzegovinabike.ba\/wp-content\/uploads\/2023\/11\/herzegovina_bike_logo_horizontal.png","contentUrl":"https:\/\/www.bike.herzegovinabike.ba\/wp-content\/uploads\/2023\/11\/herzegovina_bike_logo_horizontal.png","width":1757,"height":1061,"caption":"Udruga HerzegovinaBike"},"image":{"@id":"https:\/\/www.herzegovinabike.ba\/#\/schema\/logo\/image\/"},"sameAs":["https:\/\/www.facebook.com\/HerzegovinaBike","https:\/\/www.instagram.com\/herzegovinabike\/"]}]}},"_links":{"self":[{"href":"https:\/\/www.herzegovinabike.ba\/en\/wp-json\/wp\/v2\/pages\/1258","targetHints":{"allow":["GET"]}}],"collection":[{"href":"https:\/\/www.herzegovinabike.ba\/en\/wp-json\/wp\/v2\/pages"}],"about":[{"href":"https:\/\/www.herzegovinabike.ba\/en\/wp-json\/wp\/v2\/types\/page"}],"author":[{"embeddable":true,"href":"https:\/\/www.herzegovinabike.ba\/en\/wp-json\/wp\/v2\/users\/2"}],"replies":[{"embeddable":true,"href":"https:\/\/www.herzegovinabike.ba\/en\/wp-json\/wp\/v2\/comments?post=1258"}],"version-history":[{"count":5,"href":"https:\/\/www.herzegovinabike.ba\/en\/wp-json\/wp\/v2\/pages\/1258\/revisions"}],"predecessor-version":[{"id":18658,"href":"https:\/\/www.herzegovinabike.ba\/en\/wp-json\/wp\/v2\/pages\/1258\/revisions\/18658"}],"wp:attachment":[{"href":"https:\/\/www.herzegovinabike.ba\/en\/wp-json\/wp\/v2\/media?parent=1258"}],"curies":[{"name":"wp","href":"https:\/\/api.w.org\/{rel}","templated":true}]}}