{"id":64,"date":"2013-05-18T13:56:01","date_gmt":"2013-05-18T12:56:01","guid":{"rendered":"http:\/\/q955\/hb\/?page_id=64"},"modified":"2025-06-28T09:22:04","modified_gmt":"2025-06-28T07:22:04","slug":"korisne-informacije","status":"publish","type":"page","link":"https:\/\/www.herzegovinabike.ba\/en\/korisne-informacije\/","title":{"rendered":"Useful information"},"content":{"rendered":"<p>When you travel to Bosnia and Herzegovina, you must take your passport with you. For most travelers, except from the member states of the European Union, the USA and Canada, a visa is required, which can be obtained at the consular offices and\/embassies of Bosnia and Herzegovina around the world. Prices of visas issued in diplomatic and consular offices:<\/p>\n\n\n\n<p><em id=\"__mceDel\"><span style=\"color: #c70000;\">\u2022\u00a0<\/span>Individual and transit visas cost 31 EUR.<br><span style=\"color: #c70000;\">\u2022\u00a0<\/span>A visa for multiple entries into the country for up to 90 days costs 57 EUR.<br><span style=\"color: #c70000;\">\u2022\u00a0<\/span>A visa for multiple entries into the country lasting more than 90 days costs 72 EUR.<\/em><\/p>\n\n\n\n<p>In addition to your passport, if you are traveling by car, you must have an international driver's license and a green card.<\/p>\n\n\n\n<p>In Bosnia and Herzegovina, the currency is the Convertible Mark (KM). The exchange rate according to EUR is; 1 EUR = 1,956 KM. You can make the exchange at any bank or exchange office.<\/p>\n\n\n\n<p><strong>Permitted vehicle speed<\/strong><\/p>\n\n\n\n<p>The maximum permitted vehicle speed is 90 km\/h outside populated areas, and 50 km\/h in populated areas.<\/p>\n\n\n\n<p><strong>Working hours:<\/strong><\/p>\n\n\n\n<ul class=\"wp-block-list\">\n<li>Normal working hours are from 8 a.m. to 4 p.m.<br><em>Most shops are open from 7 a.m. to 7 p.m.<\/em><\/li>\n<\/ul>\n\n\n\n<p><strong>Useful phone numbers:<\/strong><\/p>\n\n\n\n<ul class=\"wp-block-list\">\n<li>Information 1188, 1182<\/li>\n\n\n\n<li>Emergency call 112<\/li>\n\n\n\n<li>Police 122<\/li>\n\n\n\n<li>Firefighters 123<\/li>\n\n\n\n<li>Emergency 124<\/li>\n\n\n\n<li>Exact time 125<\/li>\n\n\n\n<li>International talks 1201<\/li>\n\n\n\n<li>Wake-up calls 1400, 1401<\/li>\n<\/ul>\n\n\n\n<p>There are three operators for mobile phones; <strong><a href=\"https:\/\/www.hteronet.ba\/privatni-korisnici\">HT ERONET<\/a><\/strong>&#8211; 063; GSMBIH \u2013 061 i MOBIS \u2013 065.<\/p>\n\n\n\n<p>Other useful information: <\/p>\n\n\n\n<ul class=\"wp-block-list\">\n<li><strong><a href=\"https:\/\/www.tourismbih.com\/bs\/plan-your-trip\/zdravlje-i-licna-sigurnost\/\" target=\"_blank\" rel=\"noreferrer noopener\">Health and Safety<\/a><\/strong><a href=\"https:\/\/www.tourismbih.com\/bs\/plan-your-trip\/zdravlje-i-licna-sigurnost\/\" target=\"_blank\" rel=\"noreferrer noopener\"><strong> <\/strong><em>(guided link)<\/em><\/a><\/li>\n\n\n\n<li><strong><a href=\"https:\/\/www.cbbh.ba\/press\/edukacija\/886?lang=en\" target=\"_blank\" rel=\"noreferrer noopener\">All about payment currency and conversions <\/a><\/strong><a href=\"https:\/\/www.cbbh.ba\/press\/edukacija\/886?lang=en\" target=\"_blank\" rel=\"noreferrer noopener\"><em>(guided link)<\/em><\/a><\/li>\n\n\n\n<li><strong><a href=\"https:\/\/www.bike.herzegovinabike.ba\/2023\/11\/11\/hrana-i-pice-u-hercegovini\/\">Food and Drinks in Herzegovina<\/a><\/strong><\/li>\n\n\n\n<li><strong><a href=\"https:\/\/theculturetrip.com\/europe\/bosnia-herzegovina\/articles\/how-to-travel-bosnia-on-a-budget\" target=\"_blank\" rel=\"noreferrer noopener\">Budget <\/a><\/strong><a href=\"https:\/\/theculturetrip.com\/europe\/bosnia-herzegovina\/articles\/how-to-travel-bosnia-on-a-budget\" target=\"_blank\" rel=\"noreferrer noopener\"><em>(guided link)<\/em><\/a><\/li>\n\n\n\n<li><strong><a href=\"http:\/\/www.mkt.gov.ba\/?lang=en\" target=\"_blank\" rel=\"noreferrer noopener\">Communications <\/a><\/strong><a href=\"http:\/\/www.mkt.gov.ba\/?lang=en\" target=\"_blank\" rel=\"noreferrer noopener\"><em>(guided link)<\/em><\/a><\/li>\n\n\n\n<li><strong><a href=\"https:\/\/www.mvp.gov.ba\/ambasade_konzulati_misije\/ambasade_konzulati_i_stalne_misije_bih\/Default.aspx\" target=\"_blank\" rel=\"noreferrer noopener\">List of foreign embassies\/embassies in BiH <\/a><\/strong><a href=\"https:\/\/www.mvp.gov.ba\/ambasade_konzulati_misije\/ambasade_konzulati_i_stalne_misije_bih\/Default.aspx\" target=\"_blank\" rel=\"noreferrer noopener\"><em>(guided link)<\/em><\/a><\/li>\n\n\n\n<li><strong><a href=\"https:\/\/www.balkanology.com\/bosnia\/faq.html\" target=\"_blank\" rel=\"noreferrer noopener\">FAQ's <\/a><\/strong><em><a href=\"https:\/\/www.balkanology.com\/bosnia\/faq.html\" target=\"_blank\" rel=\"noreferrer noopener\">(guided link)<\/a><\/em><strong><em> <\/em><\/strong><\/li>\n<\/ul>","protected":false},"excerpt":{"rendered":"<p>Kada putujete u Bosnu i Hercegovinu sa sobom morate ponijeti putovnicu. Za ve\u0107inu putnika, osim iz zemalja \u010dlanica Europske Unije, SAD-a i Kanade, potrebna je viza koja se mo\u017ee dobiti u konzularnim predstavni\u0161tvima i \/veleposlanstvimaambasadama Bosne i Hercegovine \u0161irom svijeta. Cijene viza koje se izdaju u diplomatsko konzularnim predstavni\u0161tvima: \u2022\u00a0Pojedina\u010dna i tranzitna viza ko\u0161taju 31 [&hellip;]<\/p>\n","protected":false},"author":2,"featured_media":0,"parent":0,"menu_order":0,"comment_status":"closed","ping_status":"closed","template":"","meta":{"footnotes":""},"class_list":["post-64","page","type-page","status-publish","hentry"],"yoast_head":"<!-- This site is optimized with the Yoast SEO Premium plugin v21.5 (Yoast SEO v27.2) - https:\/\/yoast.com\/product\/yoast-seo-premium-wordpress\/ -->\n<title>Korisne informacije - HerzegovinaBike<\/title>\n<meta name=\"description\" content=\"Kada putujete u Bosnu i Hercegovinu sa sobom morate ponijeti putovnicu. Za ve\u0107inu putnika, osim iz zemalja \u010dlanica Europske Unije, SAD-a i\" \/>\n<meta name=\"robots\" content=\"index, follow, max-snippet:-1, max-image-preview:large, max-video-preview:-1\" \/>\n<link rel=\"canonical\" href=\"https:\/\/www.herzegovinabike.ba\/en\/korisne-informacije\/\" \/>\n<meta property=\"og:locale\" content=\"en_US\" \/>\n<meta property=\"og:type\" content=\"article\" \/>\n<meta property=\"og:title\" content=\"Korisne informacije\" \/>\n<meta property=\"og:description\" content=\"Kada putujete u Bosnu i Hercegovinu sa sobom morate ponijeti putovnicu. Za ve\u0107inu putnika, osim iz zemalja \u010dlanica Europske Unije, SAD-a i\" \/>\n<meta property=\"og:url\" content=\"https:\/\/www.herzegovinabike.ba\/en\/korisne-informacije\/\" \/>\n<meta property=\"og:site_name\" content=\"HerzegovinaBike\" \/>\n<meta property=\"article:publisher\" content=\"https:\/\/www.facebook.com\/HerzegovinaBike\" \/>\n<meta property=\"article:modified_time\" content=\"2025-06-28T07:22:04+00:00\" \/>\n<meta name=\"twitter:card\" content=\"summary_large_image\" \/>\n<script type=\"application\/ld+json\" class=\"yoast-schema-graph\">{\"@context\":\"https:\/\/schema.org\",\"@graph\":[{\"@type\":\"WebPage\",\"@id\":\"https:\/\/www.herzegovinabike.ba\/korisne-informacije\/\",\"url\":\"https:\/\/www.herzegovinabike.ba\/korisne-informacije\/\",\"name\":\"Korisne informacije - HerzegovinaBike\",\"isPartOf\":{\"@id\":\"https:\/\/www.herzegovinabike.ba\/#website\"},\"datePublished\":\"2013-05-18T12:56:01+00:00\",\"dateModified\":\"2025-06-28T07:22:04+00:00\",\"description\":\"Kada putujete u Bosnu i Hercegovinu sa sobom morate ponijeti putovnicu. Za ve\u0107inu putnika, osim iz zemalja \u010dlanica Europske Unije, SAD-a i\",\"breadcrumb\":{\"@id\":\"https:\/\/www.herzegovinabike.ba\/korisne-informacije\/#breadcrumb\"},\"inLanguage\":\"en-US\",\"potentialAction\":[{\"@type\":\"ReadAction\",\"target\":[\"https:\/\/www.herzegovinabike.ba\/korisne-informacije\/\"]}]},{\"@type\":\"BreadcrumbList\",\"@id\":\"https:\/\/www.herzegovinabike.ba\/korisne-informacije\/#breadcrumb\",\"itemListElement\":[{\"@type\":\"ListItem\",\"position\":1,\"name\":\"Po\u010detna stranica\",\"item\":\"https:\/\/www.herzegovinabike.ba\/\"},{\"@type\":\"ListItem\",\"position\":2,\"name\":\"Korisne informacije\"}]},{\"@type\":\"WebSite\",\"@id\":\"https:\/\/www.herzegovinabike.ba\/#website\",\"url\":\"https:\/\/www.herzegovinabike.ba\/\",\"name\":\"HerzegovinaBike\",\"description\":\"Your place under the sun\",\"publisher\":{\"@id\":\"https:\/\/www.herzegovinabike.ba\/#organization\"},\"potentialAction\":[{\"@type\":\"SearchAction\",\"target\":{\"@type\":\"EntryPoint\",\"urlTemplate\":\"https:\/\/www.herzegovinabike.ba\/?s={search_term_string}\"},\"query-input\":{\"@type\":\"PropertyValueSpecification\",\"valueRequired\":true,\"valueName\":\"search_term_string\"}}],\"inLanguage\":\"en-US\"},{\"@type\":\"Organization\",\"@id\":\"https:\/\/www.herzegovinabike.ba\/#organization\",\"name\":\"Udruga HerzegovinaBike\",\"url\":\"https:\/\/www.herzegovinabike.ba\/\",\"logo\":{\"@type\":\"ImageObject\",\"inLanguage\":\"en-US\",\"@id\":\"https:\/\/www.herzegovinabike.ba\/#\/schema\/logo\/image\/\",\"url\":\"https:\/\/www.bike.herzegovinabike.ba\/wp-content\/uploads\/2023\/11\/herzegovina_bike_logo_horizontal.png\",\"contentUrl\":\"https:\/\/www.bike.herzegovinabike.ba\/wp-content\/uploads\/2023\/11\/herzegovina_bike_logo_horizontal.png\",\"width\":1757,\"height\":1061,\"caption\":\"Udruga HerzegovinaBike\"},\"image\":{\"@id\":\"https:\/\/www.herzegovinabike.ba\/#\/schema\/logo\/image\/\"},\"sameAs\":[\"https:\/\/www.facebook.com\/HerzegovinaBike\",\"https:\/\/www.instagram.com\/herzegovinabike\/\"]}]}<\/script>\n<!-- \/ Yoast SEO Premium plugin. -->","yoast_head_json":{"title":"Korisne informacije - HerzegovinaBike","description":"Kada putujete u Bosnu i Hercegovinu sa sobom morate ponijeti putovnicu. Za ve\u0107inu putnika, osim iz zemalja \u010dlanica Europske Unije, SAD-a i","robots":{"index":"index","follow":"follow","max-snippet":"max-snippet:-1","max-image-preview":"max-image-preview:large","max-video-preview":"max-video-preview:-1"},"canonical":"https:\/\/www.herzegovinabike.ba\/en\/korisne-informacije\/","og_locale":"en_US","og_type":"article","og_title":"Korisne informacije","og_description":"Kada putujete u Bosnu i Hercegovinu sa sobom morate ponijeti putovnicu. Za ve\u0107inu putnika, osim iz zemalja \u010dlanica Europske Unije, SAD-a i","og_url":"https:\/\/www.herzegovinabike.ba\/en\/korisne-informacije\/","og_site_name":"HerzegovinaBike","article_publisher":"https:\/\/www.facebook.com\/HerzegovinaBike","article_modified_time":"2025-06-28T07:22:04+00:00","twitter_card":"summary_large_image","schema":{"@context":"https:\/\/schema.org","@graph":[{"@type":"WebPage","@id":"https:\/\/www.herzegovinabike.ba\/korisne-informacije\/","url":"https:\/\/www.herzegovinabike.ba\/korisne-informacije\/","name":"Korisne informacije - HerzegovinaBike","isPartOf":{"@id":"https:\/\/www.herzegovinabike.ba\/#website"},"datePublished":"2013-05-18T12:56:01+00:00","dateModified":"2025-06-28T07:22:04+00:00","description":"Kada putujete u Bosnu i Hercegovinu sa sobom morate ponijeti putovnicu. Za ve\u0107inu putnika, osim iz zemalja \u010dlanica Europske Unije, SAD-a i","breadcrumb":{"@id":"https:\/\/www.herzegovinabike.ba\/korisne-informacije\/#breadcrumb"},"inLanguage":"en-US","potentialAction":[{"@type":"ReadAction","target":["https:\/\/www.herzegovinabike.ba\/korisne-informacije\/"]}]},{"@type":"BreadcrumbList","@id":"https:\/\/www.herzegovinabike.ba\/korisne-informacije\/#breadcrumb","itemListElement":[{"@type":"ListItem","position":1,"name":"Po\u010detna stranica","item":"https:\/\/www.herzegovinabike.ba\/"},{"@type":"ListItem","position":2,"name":"Korisne informacije"}]},{"@type":"WebSite","@id":"https:\/\/www.herzegovinabike.ba\/#website","url":"https:\/\/www.herzegovinabike.ba\/","name":"HerzegovinaBike","description":"Your place under the sun","publisher":{"@id":"https:\/\/www.herzegovinabike.ba\/#organization"},"potentialAction":[{"@type":"SearchAction","target":{"@type":"EntryPoint","urlTemplate":"https:\/\/www.herzegovinabike.ba\/?s={search_term_string}"},"query-input":{"@type":"PropertyValueSpecification","valueRequired":true,"valueName":"search_term_string"}}],"inLanguage":"en-US"},{"@type":"Organization","@id":"https:\/\/www.herzegovinabike.ba\/#organization","name":"Association HerzegovinaBike","url":"https:\/\/www.herzegovinabike.ba\/","logo":{"@type":"ImageObject","inLanguage":"en-US","@id":"https:\/\/www.herzegovinabike.ba\/#\/schema\/logo\/image\/","url":"https:\/\/www.bike.herzegovinabike.ba\/wp-content\/uploads\/2023\/11\/herzegovina_bike_logo_horizontal.png","contentUrl":"https:\/\/www.bike.herzegovinabike.ba\/wp-content\/uploads\/2023\/11\/herzegovina_bike_logo_horizontal.png","width":1757,"height":1061,"caption":"Udruga HerzegovinaBike"},"image":{"@id":"https:\/\/www.herzegovinabike.ba\/#\/schema\/logo\/image\/"},"sameAs":["https:\/\/www.facebook.com\/HerzegovinaBike","https:\/\/www.instagram.com\/herzegovinabike\/"]}]}},"_links":{"self":[{"href":"https:\/\/www.herzegovinabike.ba\/en\/wp-json\/wp\/v2\/pages\/64","targetHints":{"allow":["GET"]}}],"collection":[{"href":"https:\/\/www.herzegovinabike.ba\/en\/wp-json\/wp\/v2\/pages"}],"about":[{"href":"https:\/\/www.herzegovinabike.ba\/en\/wp-json\/wp\/v2\/types\/page"}],"author":[{"embeddable":true,"href":"https:\/\/www.herzegovinabike.ba\/en\/wp-json\/wp\/v2\/users\/2"}],"replies":[{"embeddable":true,"href":"https:\/\/www.herzegovinabike.ba\/en\/wp-json\/wp\/v2\/comments?post=64"}],"version-history":[{"count":5,"href":"https:\/\/www.herzegovinabike.ba\/en\/wp-json\/wp\/v2\/pages\/64\/revisions"}],"predecessor-version":[{"id":18654,"href":"https:\/\/www.herzegovinabike.ba\/en\/wp-json\/wp\/v2\/pages\/64\/revisions\/18654"}],"wp:attachment":[{"href":"https:\/\/www.herzegovinabike.ba\/en\/wp-json\/wp\/v2\/media?parent=64"}],"curies":[{"name":"wp","href":"https:\/\/api.w.org\/{rel}","templated":true}]}}