{"id":16461,"date":"2025-01-07T22:57:24","date_gmt":"2025-01-07T21:57:24","guid":{"rendered":"https:\/\/www.herzegovinabike.ba\/?post_type=product&#038;p=16461"},"modified":"2025-12-28T16:57:22","modified_gmt":"2025-12-28T15:57:22","slug":"startni-paket-za-maraton-uci-class-1-xcm-herzegovina","status":"publish","type":"product","link":"https:\/\/www.herzegovinabike.ba\/en\/product\/startni-paket-za-maraton-uci-class-1-xcm-herzegovina\/","title":{"rendered":"Start Package for UCI Class 1 Marathon \u201cXCM Herzegovina\u201d"},"content":{"rendered":"<p style=\"text-align: left;\"><strong>Blidinje BIKE Festival<\/strong> is the largest cycling festival in Bosnia and Herzegovina, where you can choose between two challenging routes: 84 km with a 1,960-meter ascent or 53 km with a 955-meter ascent. If races aren't your style, you can take a leisurely ride, explore local destinations, and enjoy Herzegovinian delicacies. Exciting moments await you in the Blidinje Nature Park!<\/p>\n<p style=\"text-align: left;\">Sign up for the <strong>Blidinje BIKE Festival<\/strong> and secure your start package! By paying the entry fee, you gain the right to participate in the event, along with many benefits:<\/p>\n<ul style=\"text-align: left;\">\n<li>Right to participate in the races at Blidinje BIKE Festival<\/li>\n<li>Blidinje BIKE Festival-themed t-shirt<\/li>\n<li>Blidinje BIKE Festival-themed water bottle<\/li>\n<li>Start number for the XCM Herzegovina race<\/li>\n<li>Timing chip<\/li>\n<li>Gifts from sponsors<\/li>\n<li>Meals on Saturday and Sunday<\/li>\n<li>Finisher medal<\/li>\n<li>Race marshal services and rich feed zones<\/li>\n<li>Bike washing after the race<\/li>\n<li>Access to the bike service center<\/li>\n<li>Medical assistance<\/li>\n<li>Medals, trophies, and cash prizes for the UCI race according to UCI C 1 rules<\/li>\n<li>Entry to the Pasta Party on Saturday, 12.07.2025<\/li>\n<\/ul>\n<p style=\"text-align: left;\"><strong>Note<\/strong>: Starting from 20.06.2025, the start package <strong>will no longer include a t-shirt.<\/strong>.<\/p>\n<p style=\"text-align: left;\"><strong>How to Buy?<\/strong><\/p>\n<p style=\"text-align: left;\">Simply visit our website, choose your start package, follow the steps to purchase, and enjoy an unforgettable cycling adventure through the Blidinje Nature Park!<\/p>\n<p style=\"text-align: left;\"><strong>Payment with Cards <\/strong><\/p>\n<p style=\"text-align: left;\">You can pay for your order using Visa, Visa Electron, MasterCard, or Maestro payment cards. The card must be approved by the issuing bank for online (Internet) payment.<\/p>\n<p style=\"text-align: left;\">When placing an online order, by selecting the appropriate payment method, you will be redirected to the Monri Pay bank page, which is secure and protected for this type of payment. At no point are your card details accessible to our system.<\/p>\n<p><img loading=\"lazy\" decoding=\"async\" class=\"aligncenter size-full wp-image-15978\" src=\"https:\/\/www.herzegovinabike.ba\/wp-content\/uploads\/2024\/12\/monri2.jpg\" alt=\"\" width=\"512\" height=\"150\" srcset=\"https:\/\/www.herzegovinabike.ba\/wp-content\/uploads\/2024\/12\/monri2.jpg 512w, https:\/\/www.herzegovinabike.ba\/wp-content\/uploads\/2024\/12\/monri2-300x88.jpg 300w, https:\/\/www.herzegovinabike.ba\/wp-content\/uploads\/2024\/12\/monri2-18x5.jpg 18w\" sizes=\"auto, (max-width: 512px) 100vw, 512px\" \/><\/p>\n<p style=\"text-align: left;\">On this page, you will need to enter the following information: card number, expiration date, and CVC2\/CVV2 code, which can be found on your card.<\/p>\n<p><img loading=\"lazy\" decoding=\"async\" class=\"aligncenter size-full wp-image-15979\" src=\"https:\/\/www.herzegovinabike.ba\/wp-content\/uploads\/2024\/12\/nacin-placanja2.png\" alt=\"\" width=\"616\" height=\"241\" srcset=\"https:\/\/www.herzegovinabike.ba\/wp-content\/uploads\/2024\/12\/nacin-placanja2.png 616w, https:\/\/www.herzegovinabike.ba\/wp-content\/uploads\/2024\/12\/nacin-placanja2-300x117.png 300w, https:\/\/www.herzegovinabike.ba\/wp-content\/uploads\/2024\/12\/nacin-placanja2-18x7.png 18w, https:\/\/www.herzegovinabike.ba\/wp-content\/uploads\/2024\/12\/nacin-placanja2-600x235.png 600w\" sizes=\"auto, (max-width: 616px) 100vw, 616px\" \/><\/p>\n<p style=\"text-align: left;\">When entering your card details, confidential information is transmitted over the public network in a protected (encrypted) form using SSL protocol and PKI system, which are currently the most advanced cryptographic technologies.<\/p>\n<p style=\"text-align: left;\">The confidentiality of your information is protected and ensured by the use of SSL encryption. The pages for online payment are secured using the Secure Socket Layer (SSL) protocol with 128-bit encryption. SSL encryption is a method of data encryption to prevent unauthorized access during its transmission.<br \/>\nThis ensures secure information transfer and prevents unauthorized access to the data during communication between the user's computer and the WebPay service, and vice versa.<br \/>\nWebPay service and financial institutions exchange data using a virtual private network (VPN), which is protected against unauthorized access.<br \/>\nThe Monri Payment Gateway is certified according to the PCI DSS Level 1 security standard prescribed by Visa and MasterCard regulations.<br \/>\nThe merchant does not store credit card numbers, and they are not accessible to unauthorized persons.<\/p>\n<p style=\"text-align: left;\">At no point are the payment card details available to our system.<\/p>\n<p style=\"text-align: left;\"><em>Data entry and verification are performed exclusively between the card user and the Monri Pay bank. The online merchant does not have access to the exchanged data.<\/em><\/p>\n<p style=\"text-align: left;\">Payment is not possible in foreign currencies, but exclusively in BAM (Convertible Marka). Payments can be made using payment cards from domestic and foreign banks.<\/p>\n<p style=\"text-align: left;\">All payments will be processed in the currency of the Convertible Marka (BAM). If paid with payment cards issued by foreign banks, the transaction amount will be converted into the bank\u2019s settlement currency (EUR). When your payment card is charged, the already converted amount will be further converted into your local currency, according to the exchange rate applied by the card operators. The stated price, which may differ from BAM, and listed on the website, is for informational purposes only, and due to the aforementioned conversions, discrepancies may occur.<\/p>\n<p style=\"text-align: left;\">Customers using the online card payment service through the Aksa online store must meet the following conditions:<\/p>\n<p style=\"text-align: left;\">Only the cardholder may make the payment.<\/p>","protected":false},"excerpt":{"rendered":"<p>Get ready for an unforgettable cycling experience with our <strong>Blidinje BIKE Festival Start Package<\/strong>! It includes everything you need to successfully participate in the biggest cycling festival in Bosnia and Herzegovina: participation in the races, a start number, a festival-themed t-shirt and water bottle, a timing chip, sponsor gifts, meals, a finisher medal, race marshal services, bike cleaning, access to the service center, medical assistance, and entry to the Pasta party. Awards for the best performances in UCI races are also included! Don't miss this opportunity \u2013 register now and become part of this spectacular event!<\/p>\n<p><strong>Price:<\/strong> 50,00 \u20ac ili 100,00 KM<\/p>","protected":false},"featured_media":16462,"comment_status":"closed","ping_status":"closed","template":"","meta":[],"product_brand":[],"product_cat":[782],"product_tag":[],"class_list":{"0":"post-16461","1":"product","2":"type-product","3":"status-publish","4":"has-post-thumbnail","6":"product_cat-kotizacija","8":"first","9":"instock","10":"virtual","11":"taxable","12":"purchasable","13":"product-type-simple"},"yoast_head":"<!-- This site is optimized with the Yoast SEO Premium plugin v21.5 (Yoast SEO v27.4) - https:\/\/yoast.com\/product\/yoast-seo-premium-wordpress\/ -->\n<title>Startni paket za Maraton UCI Class 1 &quot;XCM Herzegovina&quot; - HerzegovinaBike<\/title>\n<meta name=\"description\" content=\"Blidinje BIKE Festival je najve\u0107i biciklisti\u010dki festival u Bosni i Hercegovini, gdje mo\u017eete izabrati izme\u0111u dvije zahtjevne staze ...\" \/>\n<meta name=\"robots\" content=\"index, follow, max-snippet:-1, max-image-preview:large, max-video-preview:-1\" \/>\n<link rel=\"canonical\" href=\"https:\/\/www.herzegovinabike.ba\/en\/product\/startni-paket-za-maraton-uci-class-1-xcm-herzegovina\/\" \/>\n<meta property=\"og:locale\" content=\"en_US\" \/>\n<meta property=\"og:type\" content=\"article\" \/>\n<meta property=\"og:title\" content=\"Startni paket za Maraton UCI Class 1 &quot;XCM Herzegovina&quot;\" \/>\n<meta property=\"og:description\" content=\"Blidinje BIKE Festival je najve\u0107i biciklisti\u010dki festival u Bosni i Hercegovini, gdje mo\u017eete izabrati izme\u0111u dvije zahtjevne staze ...\" \/>\n<meta property=\"og:url\" content=\"https:\/\/www.herzegovinabike.ba\/en\/product\/startni-paket-za-maraton-uci-class-1-xcm-herzegovina\/\" \/>\n<meta property=\"og:site_name\" content=\"HerzegovinaBike\" \/>\n<meta property=\"article:publisher\" content=\"https:\/\/www.facebook.com\/HerzegovinaBike\" \/>\n<meta property=\"article:modified_time\" content=\"2025-12-28T15:57:22+00:00\" \/>\n<meta property=\"og:image\" content=\"https:\/\/www.herzegovinabike.ba\/wp-content\/uploads\/2025\/01\/Blidinje-BIKE-Festival-XCM-Herzegovina.jpg\" \/>\n\t<meta property=\"og:image:width\" content=\"1200\" \/>\n\t<meta property=\"og:image:height\" content=\"800\" \/>\n\t<meta property=\"og:image:type\" content=\"image\/jpeg\" \/>\n<meta name=\"twitter:card\" content=\"summary_large_image\" \/>\n<meta name=\"twitter:label1\" content=\"Est. reading time\" \/>\n\t<meta name=\"twitter:data1\" content=\"4 minutes\" \/>\n<script type=\"application\/ld+json\" class=\"yoast-schema-graph\">{\"@context\":\"https:\\\/\\\/schema.org\",\"@graph\":[{\"@type\":\"WebPage\",\"@id\":\"https:\\\/\\\/www.herzegovinabike.ba\\\/proizvod\\\/startni-paket-za-maraton-uci-class-1-xcm-herzegovina\\\/\",\"url\":\"https:\\\/\\\/www.herzegovinabike.ba\\\/proizvod\\\/startni-paket-za-maraton-uci-class-1-xcm-herzegovina\\\/\",\"name\":\"Startni paket za Maraton UCI Class 1 \\\"XCM Herzegovina\\\" - HerzegovinaBike\",\"isPartOf\":{\"@id\":\"https:\\\/\\\/www.herzegovinabike.ba\\\/#website\"},\"primaryImageOfPage\":{\"@id\":\"https:\\\/\\\/www.herzegovinabike.ba\\\/proizvod\\\/startni-paket-za-maraton-uci-class-1-xcm-herzegovina\\\/#primaryimage\"},\"image\":{\"@id\":\"https:\\\/\\\/www.herzegovinabike.ba\\\/proizvod\\\/startni-paket-za-maraton-uci-class-1-xcm-herzegovina\\\/#primaryimage\"},\"thumbnailUrl\":\"https:\\\/\\\/www.herzegovinabike.ba\\\/wp-content\\\/uploads\\\/2025\\\/01\\\/Blidinje-BIKE-Festival-XCM-Herzegovina.jpg\",\"datePublished\":\"2025-01-07T21:57:24+00:00\",\"dateModified\":\"2025-12-28T15:57:22+00:00\",\"description\":\"Blidinje BIKE Festival je najve\u0107i biciklisti\u010dki festival u Bosni i Hercegovini, gdje mo\u017eete izabrati izme\u0111u dvije zahtjevne staze ...\",\"breadcrumb\":{\"@id\":\"https:\\\/\\\/www.herzegovinabike.ba\\\/proizvod\\\/startni-paket-za-maraton-uci-class-1-xcm-herzegovina\\\/#breadcrumb\"},\"inLanguage\":\"en-US\",\"potentialAction\":[{\"@type\":\"ReadAction\",\"target\":[\"https:\\\/\\\/www.herzegovinabike.ba\\\/proizvod\\\/startni-paket-za-maraton-uci-class-1-xcm-herzegovina\\\/\"]}]},{\"@type\":\"ImageObject\",\"inLanguage\":\"en-US\",\"@id\":\"https:\\\/\\\/www.herzegovinabike.ba\\\/proizvod\\\/startni-paket-za-maraton-uci-class-1-xcm-herzegovina\\\/#primaryimage\",\"url\":\"https:\\\/\\\/www.herzegovinabike.ba\\\/wp-content\\\/uploads\\\/2025\\\/01\\\/Blidinje-BIKE-Festival-XCM-Herzegovina.jpg\",\"contentUrl\":\"https:\\\/\\\/www.herzegovinabike.ba\\\/wp-content\\\/uploads\\\/2025\\\/01\\\/Blidinje-BIKE-Festival-XCM-Herzegovina.jpg\",\"width\":1200,\"height\":800},{\"@type\":\"BreadcrumbList\",\"@id\":\"https:\\\/\\\/www.herzegovinabike.ba\\\/proizvod\\\/startni-paket-za-maraton-uci-class-1-xcm-herzegovina\\\/#breadcrumb\",\"itemListElement\":[{\"@type\":\"ListItem\",\"position\":1,\"name\":\"Po\u010detna stranica\",\"item\":\"https:\\\/\\\/www.herzegovinabike.ba\\\/\"},{\"@type\":\"ListItem\",\"position\":2,\"name\":\"Trgovina\",\"item\":\"https:\\\/\\\/www.herzegovinabike.ba\\\/trgovina\\\/\"},{\"@type\":\"ListItem\",\"position\":3,\"name\":\"Startni paket za Maraton UCI Class 1 &#8220;XCM Herzegovina&#8221;\"}]},{\"@type\":\"WebSite\",\"@id\":\"https:\\\/\\\/www.herzegovinabike.ba\\\/#website\",\"url\":\"https:\\\/\\\/www.herzegovinabike.ba\\\/\",\"name\":\"HerzegovinaBike\",\"description\":\"Your place under the sun\",\"publisher\":{\"@id\":\"https:\\\/\\\/www.herzegovinabike.ba\\\/#organization\"},\"potentialAction\":[{\"@type\":\"SearchAction\",\"target\":{\"@type\":\"EntryPoint\",\"urlTemplate\":\"https:\\\/\\\/www.herzegovinabike.ba\\\/?s={search_term_string}\"},\"query-input\":{\"@type\":\"PropertyValueSpecification\",\"valueRequired\":true,\"valueName\":\"search_term_string\"}}],\"inLanguage\":\"en-US\"},{\"@type\":\"Organization\",\"@id\":\"https:\\\/\\\/www.herzegovinabike.ba\\\/#organization\",\"name\":\"Udruga HerzegovinaBike\",\"url\":\"https:\\\/\\\/www.herzegovinabike.ba\\\/\",\"logo\":{\"@type\":\"ImageObject\",\"inLanguage\":\"en-US\",\"@id\":\"https:\\\/\\\/www.herzegovinabike.ba\\\/#\\\/schema\\\/logo\\\/image\\\/\",\"url\":\"https:\\\/\\\/www.bike.herzegovinabike.ba\\\/wp-content\\\/uploads\\\/2023\\\/11\\\/herzegovina_bike_logo_horizontal.png\",\"contentUrl\":\"https:\\\/\\\/www.bike.herzegovinabike.ba\\\/wp-content\\\/uploads\\\/2023\\\/11\\\/herzegovina_bike_logo_horizontal.png\",\"width\":1757,\"height\":1061,\"caption\":\"Udruga HerzegovinaBike\"},\"image\":{\"@id\":\"https:\\\/\\\/www.herzegovinabike.ba\\\/#\\\/schema\\\/logo\\\/image\\\/\"},\"sameAs\":[\"https:\\\/\\\/www.facebook.com\\\/HerzegovinaBike\",\"https:\\\/\\\/www.instagram.com\\\/herzegovinabike\\\/\"]}]}<\/script>\n<!-- \/ Yoast SEO Premium plugin. -->","yoast_head_json":{"title":"Startni paket za Maraton UCI Class 1 \"XCM Herzegovina\" - HerzegovinaBike","description":"Blidinje BIKE Festival je najve\u0107i biciklisti\u010dki festival u Bosni i Hercegovini, gdje mo\u017eete izabrati izme\u0111u dvije zahtjevne staze ...","robots":{"index":"index","follow":"follow","max-snippet":"max-snippet:-1","max-image-preview":"max-image-preview:large","max-video-preview":"max-video-preview:-1"},"canonical":"https:\/\/www.herzegovinabike.ba\/en\/product\/startni-paket-za-maraton-uci-class-1-xcm-herzegovina\/","og_locale":"en_US","og_type":"article","og_title":"Startni paket za Maraton UCI Class 1 \"XCM Herzegovina\"","og_description":"Blidinje BIKE Festival je najve\u0107i biciklisti\u010dki festival u Bosni i Hercegovini, gdje mo\u017eete izabrati izme\u0111u dvije zahtjevne staze ...","og_url":"https:\/\/www.herzegovinabike.ba\/en\/product\/startni-paket-za-maraton-uci-class-1-xcm-herzegovina\/","og_site_name":"HerzegovinaBike","article_publisher":"https:\/\/www.facebook.com\/HerzegovinaBike","article_modified_time":"2025-12-28T15:57:22+00:00","og_image":[{"width":1200,"height":800,"url":"https:\/\/www.herzegovinabike.ba\/wp-content\/uploads\/2025\/01\/Blidinje-BIKE-Festival-XCM-Herzegovina.jpg","type":"image\/jpeg"}],"twitter_card":"summary_large_image","twitter_misc":{"Est. reading time":"4 minutes"},"schema":{"@context":"https:\/\/schema.org","@graph":[{"@type":"WebPage","@id":"https:\/\/www.herzegovinabike.ba\/proizvod\/startni-paket-za-maraton-uci-class-1-xcm-herzegovina\/","url":"https:\/\/www.herzegovinabike.ba\/proizvod\/startni-paket-za-maraton-uci-class-1-xcm-herzegovina\/","name":"Startni paket za Maraton UCI Class 1 \"XCM Herzegovina\" - HerzegovinaBike","isPartOf":{"@id":"https:\/\/www.herzegovinabike.ba\/#website"},"primaryImageOfPage":{"@id":"https:\/\/www.herzegovinabike.ba\/proizvod\/startni-paket-za-maraton-uci-class-1-xcm-herzegovina\/#primaryimage"},"image":{"@id":"https:\/\/www.herzegovinabike.ba\/proizvod\/startni-paket-za-maraton-uci-class-1-xcm-herzegovina\/#primaryimage"},"thumbnailUrl":"https:\/\/www.herzegovinabike.ba\/wp-content\/uploads\/2025\/01\/Blidinje-BIKE-Festival-XCM-Herzegovina.jpg","datePublished":"2025-01-07T21:57:24+00:00","dateModified":"2025-12-28T15:57:22+00:00","description":"Blidinje BIKE Festival je najve\u0107i biciklisti\u010dki festival u Bosni i Hercegovini, gdje mo\u017eete izabrati izme\u0111u dvije zahtjevne staze ...","breadcrumb":{"@id":"https:\/\/www.herzegovinabike.ba\/proizvod\/startni-paket-za-maraton-uci-class-1-xcm-herzegovina\/#breadcrumb"},"inLanguage":"en-US","potentialAction":[{"@type":"ReadAction","target":["https:\/\/www.herzegovinabike.ba\/proizvod\/startni-paket-za-maraton-uci-class-1-xcm-herzegovina\/"]}]},{"@type":"ImageObject","inLanguage":"en-US","@id":"https:\/\/www.herzegovinabike.ba\/proizvod\/startni-paket-za-maraton-uci-class-1-xcm-herzegovina\/#primaryimage","url":"https:\/\/www.herzegovinabike.ba\/wp-content\/uploads\/2025\/01\/Blidinje-BIKE-Festival-XCM-Herzegovina.jpg","contentUrl":"https:\/\/www.herzegovinabike.ba\/wp-content\/uploads\/2025\/01\/Blidinje-BIKE-Festival-XCM-Herzegovina.jpg","width":1200,"height":800},{"@type":"BreadcrumbList","@id":"https:\/\/www.herzegovinabike.ba\/proizvod\/startni-paket-za-maraton-uci-class-1-xcm-herzegovina\/#breadcrumb","itemListElement":[{"@type":"ListItem","position":1,"name":"Po\u010detna stranica","item":"https:\/\/www.herzegovinabike.ba\/"},{"@type":"ListItem","position":2,"name":"Trgovina","item":"https:\/\/www.herzegovinabike.ba\/trgovina\/"},{"@type":"ListItem","position":3,"name":"Startni paket za Maraton UCI Class 1 &#8220;XCM Herzegovina&#8221;"}]},{"@type":"WebSite","@id":"https:\/\/www.herzegovinabike.ba\/#website","url":"https:\/\/www.herzegovinabike.ba\/","name":"HerzegovinaBike","description":"Your place under the sun","publisher":{"@id":"https:\/\/www.herzegovinabike.ba\/#organization"},"potentialAction":[{"@type":"SearchAction","target":{"@type":"EntryPoint","urlTemplate":"https:\/\/www.herzegovinabike.ba\/?s={search_term_string}"},"query-input":{"@type":"PropertyValueSpecification","valueRequired":true,"valueName":"search_term_string"}}],"inLanguage":"en-US"},{"@type":"Organization","@id":"https:\/\/www.herzegovinabike.ba\/#organization","name":"Association HerzegovinaBike","url":"https:\/\/www.herzegovinabike.ba\/","logo":{"@type":"ImageObject","inLanguage":"en-US","@id":"https:\/\/www.herzegovinabike.ba\/#\/schema\/logo\/image\/","url":"https:\/\/www.bike.herzegovinabike.ba\/wp-content\/uploads\/2023\/11\/herzegovina_bike_logo_horizontal.png","contentUrl":"https:\/\/www.bike.herzegovinabike.ba\/wp-content\/uploads\/2023\/11\/herzegovina_bike_logo_horizontal.png","width":1757,"height":1061,"caption":"Udruga HerzegovinaBike"},"image":{"@id":"https:\/\/www.herzegovinabike.ba\/#\/schema\/logo\/image\/"},"sameAs":["https:\/\/www.facebook.com\/HerzegovinaBike","https:\/\/www.instagram.com\/herzegovinabike\/"]}]}},"_links":{"self":[{"href":"https:\/\/www.herzegovinabike.ba\/en\/wp-json\/wp\/v2\/product\/16461","targetHints":{"allow":["GET"]}}],"collection":[{"href":"https:\/\/www.herzegovinabike.ba\/en\/wp-json\/wp\/v2\/product"}],"about":[{"href":"https:\/\/www.herzegovinabike.ba\/en\/wp-json\/wp\/v2\/types\/product"}],"replies":[{"embeddable":true,"href":"https:\/\/www.herzegovinabike.ba\/en\/wp-json\/wp\/v2\/comments?post=16461"}],"wp:featuredmedia":[{"embeddable":true,"href":"https:\/\/www.herzegovinabike.ba\/en\/wp-json\/wp\/v2\/media\/16462"}],"wp:attachment":[{"href":"https:\/\/www.herzegovinabike.ba\/en\/wp-json\/wp\/v2\/media?parent=16461"}],"wp:term":[{"taxonomy":"product_brand","embeddable":true,"href":"https:\/\/www.herzegovinabike.ba\/en\/wp-json\/wp\/v2\/product_brand?post=16461"},{"taxonomy":"product_cat","embeddable":true,"href":"https:\/\/www.herzegovinabike.ba\/en\/wp-json\/wp\/v2\/product_cat?post=16461"},{"taxonomy":"product_tag","embeddable":true,"href":"https:\/\/www.herzegovinabike.ba\/en\/wp-json\/wp\/v2\/product_tag?post=16461"}],"curies":[{"name":"wp","href":"https:\/\/api.w.org\/{rel}","templated":true}]}}