{"id":19369,"date":"2025-12-28T16:37:41","date_gmt":"2025-12-28T15:37:41","guid":{"rendered":"https:\/\/www.herzegovinabike.ba\/?post_type=product&#038;p=19369"},"modified":"2025-12-28T17:03:48","modified_gmt":"2025-12-28T16:03:48","slug":"rent-an-mtb-bike","status":"publish","type":"product","link":"https:\/\/www.herzegovinabike.ba\/en\/product\/rent-an-mtb-bike\/","title":{"rendered":"Rent an MTB Bike"},"content":{"rendered":"<div class=\"text-base my-auto mx-auto pb-10 [--thread-content-margin:--spacing(4)] @w-sm\/main:[--thread-content-margin:--spacing(6)] @w-lg\/main:[--thread-content-margin:--spacing(16)] px-(--thread-content-margin)\">\n<div class=\"[--thread-content-max-width:40rem] @w-lg\/main:[--thread-content-max-width:48rem] mx-auto max-w-(--thread-content-max-width) flex-1 group\/turn-messages focus-visible:outline-hidden relative flex w-full min-w-0 flex-col agent-turn\" tabindex=\"-1\">\n<div class=\"flex max-w-full flex-col grow\">\n<div class=\"min-h-8 text-message relative flex w-full flex-col items-end gap-2 text-start break-words whitespace-normal [.text-message+&amp;]:mt-1\" dir=\"auto\" data-message-author-role=\"assistant\" data-message-id=\"76fa72ec-aeaa-4062-8e1e-b98b452e3842\" data-message-model-slug=\"gpt-5-2\">\n<div class=\"flex w-full flex-col gap-1 empty:hidden first:pt-[1px]\">\n<div class=\"markdown prose dark:prose-invert w-full break-words light markdown-new-styling\">\n<p style=\"text-align: left;\" data-start=\"225\" data-end=\"290\"><strong>Rent a Bike \u2013 sloboda istra\u017eivanja na dva kota\u010da u Hercegovini<\/strong><\/p>\n<p style=\"text-align: left;\" data-start=\"292\" data-end=\"643\">Udruga <strong data-start=\"299\" data-end=\"318\">HerzegovinaBike<\/strong> nudi uslugu <strong data-start=\"331\" data-end=\"346\">Rent a Bike<\/strong> namijenjenu svima koji \u017eele istra\u017eiti Bosnu i Hercegovinu vlastitim tempom, uz pouzdanu opremu i lokalnu podr\u0161ku. Bilo da planirate kra\u0107u rekreativnu vo\u017enju, vi\u0161ednevnu biciklisti\u010dku avanturu ili istra\u017eivanje na\u0161ih ruta i prirodnih ljepota, kod nas \u0107ete prona\u0107i bicikl prilago\u0111en va\u0161im potrebama.<\/p>\n<p style=\"text-align: left;\" data-start=\"645\" data-end=\"844\">Na\u0161a flota obuhva\u0107a <strong data-start=\"665\" data-end=\"708\">MTB, Gravel, e-MTB i trekking e-bicikle<\/strong>, redovito servisirane i spremne za razli\u010dite terene \u2013 od planinskih makadama i \u0161umskih staza do asfaltnih i ruralnih cesta Hercegovine.<\/p>\n<p style=\"text-align: left;\"><strong>Kako kupiti?<\/strong><\/p>\n<p style=\"text-align: left;\">Jednostavno, pratite korake za kupovinu i u\u017eivajte u nezaboravnoj biciklisti\u010dkoj avanturi kroz predivnu Bosnu i Hercegovinu uz HerzegovinaBike najam bicikala!<\/p>\n<p style=\"text-align: left;\">Va\u0161a podr\u0161ka omogu\u0107ava nam kontinuirano unapre\u0111ivanje i kreiranje novih sadr\u017eaja za ljubitelje biciklizma, dok istovremeno promoviramo prirodne ljepote i kulturnu ba\u0161tinu na\u0161e regije.<\/p>\n<p style=\"text-align: left;\">Bit \u0107emo sretni ako tijekom dijeljenja svoje avanture koristite oznake: <strong>#HerzegovinaBike<\/strong> i <strong>@HerzegovinaBike<\/strong>.<\/p>\n<p style=\"text-align: left;\"><strong>Pla\u0107anje karticama <\/strong><\/p>\n<p style=\"text-align: left;\">Svoju narud\u017ebinu mo\u017eete platiti koriste\u0107i Visa, Visa Electron, MasterCard ili Maestro platnu karticu. Kartica mora biti odobrena od strane banke izdavaoca za online(Internet) pla\u0107anje.<\/p>\n<p style=\"text-align: left;\">Prilikom online naru\u010divanja, odabirom odgovaraju\u0107eg na\u010dina pla\u0107anja bi\u0107ete preusmjereni na stranicu banke Monri Pay\u00a0koja je za\u0161ti\u0107ena i sigurna za ovakav na\u010din pla\u0107anja. Niti jednog trenutka podaci o Va\u0161oj platnoj kartici nisu dostupni na\u0161em sistemu.<\/p>\n<p><img loading=\"lazy\" decoding=\"async\" class=\"aligncenter size-full wp-image-15978\" src=\"https:\/\/www.herzegovinabike.ba\/wp-content\/uploads\/2024\/12\/monri2.jpg\" alt=\"\" width=\"512\" height=\"150\" srcset=\"https:\/\/www.herzegovinabike.ba\/wp-content\/uploads\/2024\/12\/monri2.jpg 512w, https:\/\/www.herzegovinabike.ba\/wp-content\/uploads\/2024\/12\/monri2-300x88.jpg 300w, https:\/\/www.herzegovinabike.ba\/wp-content\/uploads\/2024\/12\/monri2-18x5.jpg 18w\" sizes=\"auto, (max-width: 512px) 100vw, 512px\" \/><\/p>\n<p style=\"text-align: left;\">Na ovoj stranici je potrebno da unesete sljede\u0107e podatke: Broj kartice, datum isteka i CVC2\/CVV2 kod, koje mo\u017eete pro\u010ditati sa Va\u0161e kartice.<\/p>\n<p><img loading=\"lazy\" decoding=\"async\" class=\"aligncenter size-full wp-image-15979\" src=\"https:\/\/www.herzegovinabike.ba\/wp-content\/uploads\/2024\/12\/nacin-placanja2.png\" alt=\"\" width=\"616\" height=\"241\" srcset=\"https:\/\/www.herzegovinabike.ba\/wp-content\/uploads\/2024\/12\/nacin-placanja2.png 616w, https:\/\/www.herzegovinabike.ba\/wp-content\/uploads\/2024\/12\/nacin-placanja2-300x117.png 300w, https:\/\/www.herzegovinabike.ba\/wp-content\/uploads\/2024\/12\/nacin-placanja2-18x7.png 18w, https:\/\/www.herzegovinabike.ba\/wp-content\/uploads\/2024\/12\/nacin-placanja2-600x235.png 600w\" sizes=\"auto, (max-width: 616px) 100vw, 616px\" \/><\/p>\n<p style=\"text-align: left;\">Prilikom uno\u0161enja podataka o platnoj kartici, povjerljive informacija se prenose putem javne mre\u017ee u za\u0161ti\u0107enoj (kriptovanoj) formi upotrebom SSL protokola i PKI sistema, kao trenutno najsavremenije kriptografske tehnologije.<\/p>\n<p style=\"text-align: left;\">Tajnost Va\u0161ih podataka je za\u0161ti\u0107ena i osigurana uporabom SSL enkripcije. Stranice za naplatu putem interneta osigurane su kori\u0161tenjem Secure Socket Layer (SSL) protokola sa 128-bitnom enkripcijom podataka. SSL enkripcija je postupak \u0161ifriranja podataka radi sprje\u010davanja neovla\u0161tenog pristupa prilikom njihovog prijenosa.<br \/>\nTime je omogu\u0107en siguran prijenos informacija te onemogu\u0107en nedozvoljen pristup podacima prilikom komunikacije izme\u0111u korisnikovog ra\u010dunala i WebPay servisa, te obratno.<br \/>\nWebPay servis i financijske ustanove razmjenjuju podatke uporabom virtualne privatne mre\u017ee (VPN), koja je za\u0161ti\u0107ena od neautoriziranog pristupa.<br \/>\nMonri Payment Gateway je certificiran prema PCI DSS Level 1 sigurnosnom standardu propisanom Visa i Mastercard pravilima.<br \/>\nTrgovac ne pohranjuje brojeve kreditnih kartica i brojevi nisu dostupni neovla\u0161tenim osobama.<\/p>\n<p style=\"text-align: left;\">Niti jednog trenutka podaci o platnoj kartici nisu dostupni na\u0161em sistemu.<\/p>\n<p style=\"text-align: left;\"><em>*Unos i provjera podataka isklju\u010divo se obavljaju izme\u0111u korisnika kartice i banke Monri Pay, a Internet trgovac nema uvid u podatke koji se razmjenjuju.<\/em><\/p>\n<p style=\"text-align: left;\">Pla\u0107anje nije mogu\u0107e u stranoj valuti, ve\u0107 isklju\u010divo u valuti BAM. Pla\u0107anje je mogu\u0107e platnim karticama doma\u0107ih i inozemnih banaka.<\/p>\n<p style=\"text-align: left;\">Sva pla\u0107anja ce biti obavljenima u valuti konvertibilna marka (BAM). Ukoliko se pla\u0107a platnim karticama inozemnih Banaka izdavalaca, iznos transakcije ce biti konvertovan u settlement valutu Banke (EUR). Pri zadu\u017eivanju Va\u0161e platne kartice, ve\u0107 konvertovan iznos ce se konvertovati u Va\u0161u lokalnu valutu, prema kursu koji primenjuju operatori platnih kartica. Navedena cijena koja je razli\u010dita od KM, a navedena na sajtu je informativnog karaktera i zbog navedenih konverzija mogu\u0107e je do\u0107i do odstupanja od iste.<\/p>\n<p style=\"text-align: left;\">Kupac koji koristi uslugu online pla\u0107anja karticama preko Aksa internet prodavnice mora ispunjavati sljede\u0107e uslove:<\/p>\n<p style=\"text-align: left;\">Isporuka robe je mogu\u0107a samo na teritoriji BIH na adresi navedenoj u porud\u017ebini.<\/p>\n<p style=\"text-align: left;\">Samo vlasnik platne kartice mo\u017ee izvr\u0161iti pla\u0107anje.<\/p>\n<\/div>\n<\/div>\n<\/div>\n<\/div>\n<\/div>\n<\/div>\n","protected":false},"excerpt":{"rendered":"<p data-start=\"118\" data-end=\"506\"><strong data-start=\"118\" data-end=\"138\">HerzegovinaBike<\/strong> omogu\u0107uje vam pouzdan i udoban najam brdskog bicikla za istra\u017eivanje cesta, gravel ruta i planinskih puteva u Bosni i Hercegovini. MTB bicikl je prikladan za vo\u017enju po raznolikom terenu, pru\u017eaju\u0107i stabilnost, kontrolu i sigurnost na usponima i spustovima. Idealan je izbor za rekreativne vo\u017enje, dnevne izlete ili aktivno upoznavanje prirodnih i kulturnih krajolika Hercegovine.<\/p>\n<p data-start=\"508\" data-end=\"540\"><strong data-start=\"508\" data-end=\"519\">Price:<\/strong> 18,00 \u20ac ili 35,00 KM<\/p>","protected":false},"featured_media":19285,"comment_status":"closed","ping_status":"closed","template":"","meta":[],"product_brand":[],"product_cat":[808],"product_tag":[],"class_list":{"0":"post-19369","1":"product","2":"type-product","3":"status-publish","4":"has-post-thumbnail","6":"product_cat-rent-a-bike","8":"first","9":"instock","10":"virtual","11":"taxable","12":"purchasable","13":"product-type-simple"},"yoast_head":"<!-- This site is optimized with the Yoast SEO Premium plugin v21.5 (Yoast SEO v27.4) - https:\/\/yoast.com\/product\/yoast-seo-premium-wordpress\/ -->\n<title>Rent an MTB Bike - HerzegovinaBike<\/title>\n<meta name=\"description\" content=\"Udruga HerzegovinaBike nudi uslugu Rent a Bike namijenjenu svima koji \u017eele istra\u017eiti Bosnu i Hercegovinu vlastitim tempom, uz pouzdanu opremu i lokalnu ...\" \/>\n<meta name=\"robots\" content=\"index, follow, max-snippet:-1, max-image-preview:large, max-video-preview:-1\" \/>\n<link rel=\"canonical\" href=\"https:\/\/www.herzegovinabike.ba\/en\/product\/rent-an-mtb-bike\/\" \/>\n<meta property=\"og:locale\" content=\"en_US\" \/>\n<meta property=\"og:type\" content=\"article\" \/>\n<meta property=\"og:title\" content=\"Rent an MTB Bike\" \/>\n<meta property=\"og:description\" content=\"Udruga HerzegovinaBike nudi uslugu Rent a Bike namijenjenu svima koji \u017eele istra\u017eiti Bosnu i Hercegovinu vlastitim tempom, uz pouzdanu opremu i lokalnu ...\" \/>\n<meta property=\"og:url\" content=\"https:\/\/www.herzegovinabike.ba\/en\/product\/rent-an-mtb-bike\/\" \/>\n<meta property=\"og:site_name\" content=\"HerzegovinaBike\" \/>\n<meta property=\"article:publisher\" content=\"https:\/\/www.facebook.com\/HerzegovinaBike\" \/>\n<meta property=\"article:modified_time\" content=\"2025-12-28T16:03:48+00:00\" \/>\n<meta property=\"og:image\" content=\"https:\/\/www.herzegovinabike.ba\/wp-content\/uploads\/2025\/12\/Cube-Aim-Pro.png\" \/>\n\t<meta property=\"og:image:width\" content=\"1771\" \/>\n\t<meta property=\"og:image:height\" content=\"1179\" \/>\n\t<meta property=\"og:image:type\" content=\"image\/png\" \/>\n<meta name=\"twitter:card\" content=\"summary_large_image\" \/>\n<meta name=\"twitter:label1\" content=\"Est. reading time\" \/>\n\t<meta name=\"twitter:data1\" content=\"4 minutes\" \/>\n<script type=\"application\/ld+json\" class=\"yoast-schema-graph\">{\"@context\":\"https:\\\/\\\/schema.org\",\"@graph\":[{\"@type\":\"WebPage\",\"@id\":\"https:\\\/\\\/www.herzegovinabike.ba\\\/proizvod\\\/rent-an-mtb-bike\\\/\",\"url\":\"https:\\\/\\\/www.herzegovinabike.ba\\\/proizvod\\\/rent-an-mtb-bike\\\/\",\"name\":\"Rent an MTB Bike - HerzegovinaBike\",\"isPartOf\":{\"@id\":\"https:\\\/\\\/www.herzegovinabike.ba\\\/#website\"},\"primaryImageOfPage\":{\"@id\":\"https:\\\/\\\/www.herzegovinabike.ba\\\/proizvod\\\/rent-an-mtb-bike\\\/#primaryimage\"},\"image\":{\"@id\":\"https:\\\/\\\/www.herzegovinabike.ba\\\/proizvod\\\/rent-an-mtb-bike\\\/#primaryimage\"},\"thumbnailUrl\":\"https:\\\/\\\/www.herzegovinabike.ba\\\/wp-content\\\/uploads\\\/2025\\\/12\\\/Cube-Aim-Pro.png\",\"datePublished\":\"2025-12-28T15:37:41+00:00\",\"dateModified\":\"2025-12-28T16:03:48+00:00\",\"description\":\"Udruga HerzegovinaBike nudi uslugu Rent a Bike namijenjenu svima koji \u017eele istra\u017eiti Bosnu i Hercegovinu vlastitim tempom, uz pouzdanu opremu i lokalnu ...\",\"breadcrumb\":{\"@id\":\"https:\\\/\\\/www.herzegovinabike.ba\\\/proizvod\\\/rent-an-mtb-bike\\\/#breadcrumb\"},\"inLanguage\":\"en-US\",\"potentialAction\":[{\"@type\":\"ReadAction\",\"target\":[\"https:\\\/\\\/www.herzegovinabike.ba\\\/proizvod\\\/rent-an-mtb-bike\\\/\"]}]},{\"@type\":\"ImageObject\",\"inLanguage\":\"en-US\",\"@id\":\"https:\\\/\\\/www.herzegovinabike.ba\\\/proizvod\\\/rent-an-mtb-bike\\\/#primaryimage\",\"url\":\"https:\\\/\\\/www.herzegovinabike.ba\\\/wp-content\\\/uploads\\\/2025\\\/12\\\/Cube-Aim-Pro.png\",\"contentUrl\":\"https:\\\/\\\/www.herzegovinabike.ba\\\/wp-content\\\/uploads\\\/2025\\\/12\\\/Cube-Aim-Pro.png\",\"width\":1771,\"height\":1179},{\"@type\":\"BreadcrumbList\",\"@id\":\"https:\\\/\\\/www.herzegovinabike.ba\\\/proizvod\\\/rent-an-mtb-bike\\\/#breadcrumb\",\"itemListElement\":[{\"@type\":\"ListItem\",\"position\":1,\"name\":\"Po\u010detna stranica\",\"item\":\"https:\\\/\\\/www.herzegovinabike.ba\\\/\"},{\"@type\":\"ListItem\",\"position\":2,\"name\":\"Trgovina\",\"item\":\"https:\\\/\\\/www.herzegovinabike.ba\\\/trgovina\\\/\"},{\"@type\":\"ListItem\",\"position\":3,\"name\":\"Rent an MTB Bike\"}]},{\"@type\":\"WebSite\",\"@id\":\"https:\\\/\\\/www.herzegovinabike.ba\\\/#website\",\"url\":\"https:\\\/\\\/www.herzegovinabike.ba\\\/\",\"name\":\"HerzegovinaBike\",\"description\":\"Your place under the sun\",\"publisher\":{\"@id\":\"https:\\\/\\\/www.herzegovinabike.ba\\\/#organization\"},\"potentialAction\":[{\"@type\":\"SearchAction\",\"target\":{\"@type\":\"EntryPoint\",\"urlTemplate\":\"https:\\\/\\\/www.herzegovinabike.ba\\\/?s={search_term_string}\"},\"query-input\":{\"@type\":\"PropertyValueSpecification\",\"valueRequired\":true,\"valueName\":\"search_term_string\"}}],\"inLanguage\":\"en-US\"},{\"@type\":\"Organization\",\"@id\":\"https:\\\/\\\/www.herzegovinabike.ba\\\/#organization\",\"name\":\"Udruga HerzegovinaBike\",\"url\":\"https:\\\/\\\/www.herzegovinabike.ba\\\/\",\"logo\":{\"@type\":\"ImageObject\",\"inLanguage\":\"en-US\",\"@id\":\"https:\\\/\\\/www.herzegovinabike.ba\\\/#\\\/schema\\\/logo\\\/image\\\/\",\"url\":\"https:\\\/\\\/www.bike.herzegovinabike.ba\\\/wp-content\\\/uploads\\\/2023\\\/11\\\/herzegovina_bike_logo_horizontal.png\",\"contentUrl\":\"https:\\\/\\\/www.bike.herzegovinabike.ba\\\/wp-content\\\/uploads\\\/2023\\\/11\\\/herzegovina_bike_logo_horizontal.png\",\"width\":1757,\"height\":1061,\"caption\":\"Udruga HerzegovinaBike\"},\"image\":{\"@id\":\"https:\\\/\\\/www.herzegovinabike.ba\\\/#\\\/schema\\\/logo\\\/image\\\/\"},\"sameAs\":[\"https:\\\/\\\/www.facebook.com\\\/HerzegovinaBike\",\"https:\\\/\\\/www.instagram.com\\\/herzegovinabike\\\/\"]}]}<\/script>\n<!-- \/ Yoast SEO Premium plugin. -->","yoast_head_json":{"title":"Rent an MTB Bike - HerzegovinaBike","description":"Udruga HerzegovinaBike nudi uslugu Rent a Bike namijenjenu svima koji \u017eele istra\u017eiti Bosnu i Hercegovinu vlastitim tempom, uz pouzdanu opremu i lokalnu ...","robots":{"index":"index","follow":"follow","max-snippet":"max-snippet:-1","max-image-preview":"max-image-preview:large","max-video-preview":"max-video-preview:-1"},"canonical":"https:\/\/www.herzegovinabike.ba\/en\/product\/rent-an-mtb-bike\/","og_locale":"en_US","og_type":"article","og_title":"Rent an MTB Bike","og_description":"Udruga HerzegovinaBike nudi uslugu Rent a Bike namijenjenu svima koji \u017eele istra\u017eiti Bosnu i Hercegovinu vlastitim tempom, uz pouzdanu opremu i lokalnu ...","og_url":"https:\/\/www.herzegovinabike.ba\/en\/product\/rent-an-mtb-bike\/","og_site_name":"HerzegovinaBike","article_publisher":"https:\/\/www.facebook.com\/HerzegovinaBike","article_modified_time":"2025-12-28T16:03:48+00:00","og_image":[{"width":1771,"height":1179,"url":"https:\/\/www.herzegovinabike.ba\/wp-content\/uploads\/2025\/12\/Cube-Aim-Pro.png","type":"image\/png"}],"twitter_card":"summary_large_image","twitter_misc":{"Est. reading time":"4 minutes"},"schema":{"@context":"https:\/\/schema.org","@graph":[{"@type":"WebPage","@id":"https:\/\/www.herzegovinabike.ba\/proizvod\/rent-an-mtb-bike\/","url":"https:\/\/www.herzegovinabike.ba\/proizvod\/rent-an-mtb-bike\/","name":"Rent an MTB Bike - HerzegovinaBike","isPartOf":{"@id":"https:\/\/www.herzegovinabike.ba\/#website"},"primaryImageOfPage":{"@id":"https:\/\/www.herzegovinabike.ba\/proizvod\/rent-an-mtb-bike\/#primaryimage"},"image":{"@id":"https:\/\/www.herzegovinabike.ba\/proizvod\/rent-an-mtb-bike\/#primaryimage"},"thumbnailUrl":"https:\/\/www.herzegovinabike.ba\/wp-content\/uploads\/2025\/12\/Cube-Aim-Pro.png","datePublished":"2025-12-28T15:37:41+00:00","dateModified":"2025-12-28T16:03:48+00:00","description":"Udruga HerzegovinaBike nudi uslugu Rent a Bike namijenjenu svima koji \u017eele istra\u017eiti Bosnu i Hercegovinu vlastitim tempom, uz pouzdanu opremu i lokalnu ...","breadcrumb":{"@id":"https:\/\/www.herzegovinabike.ba\/proizvod\/rent-an-mtb-bike\/#breadcrumb"},"inLanguage":"en-US","potentialAction":[{"@type":"ReadAction","target":["https:\/\/www.herzegovinabike.ba\/proizvod\/rent-an-mtb-bike\/"]}]},{"@type":"ImageObject","inLanguage":"en-US","@id":"https:\/\/www.herzegovinabike.ba\/proizvod\/rent-an-mtb-bike\/#primaryimage","url":"https:\/\/www.herzegovinabike.ba\/wp-content\/uploads\/2025\/12\/Cube-Aim-Pro.png","contentUrl":"https:\/\/www.herzegovinabike.ba\/wp-content\/uploads\/2025\/12\/Cube-Aim-Pro.png","width":1771,"height":1179},{"@type":"BreadcrumbList","@id":"https:\/\/www.herzegovinabike.ba\/proizvod\/rent-an-mtb-bike\/#breadcrumb","itemListElement":[{"@type":"ListItem","position":1,"name":"Po\u010detna stranica","item":"https:\/\/www.herzegovinabike.ba\/"},{"@type":"ListItem","position":2,"name":"Trgovina","item":"https:\/\/www.herzegovinabike.ba\/trgovina\/"},{"@type":"ListItem","position":3,"name":"Rent an MTB Bike"}]},{"@type":"WebSite","@id":"https:\/\/www.herzegovinabike.ba\/#website","url":"https:\/\/www.herzegovinabike.ba\/","name":"HerzegovinaBike","description":"Your place under the sun","publisher":{"@id":"https:\/\/www.herzegovinabike.ba\/#organization"},"potentialAction":[{"@type":"SearchAction","target":{"@type":"EntryPoint","urlTemplate":"https:\/\/www.herzegovinabike.ba\/?s={search_term_string}"},"query-input":{"@type":"PropertyValueSpecification","valueRequired":true,"valueName":"search_term_string"}}],"inLanguage":"en-US"},{"@type":"Organization","@id":"https:\/\/www.herzegovinabike.ba\/#organization","name":"Association HerzegovinaBike","url":"https:\/\/www.herzegovinabike.ba\/","logo":{"@type":"ImageObject","inLanguage":"en-US","@id":"https:\/\/www.herzegovinabike.ba\/#\/schema\/logo\/image\/","url":"https:\/\/www.bike.herzegovinabike.ba\/wp-content\/uploads\/2023\/11\/herzegovina_bike_logo_horizontal.png","contentUrl":"https:\/\/www.bike.herzegovinabike.ba\/wp-content\/uploads\/2023\/11\/herzegovina_bike_logo_horizontal.png","width":1757,"height":1061,"caption":"Udruga HerzegovinaBike"},"image":{"@id":"https:\/\/www.herzegovinabike.ba\/#\/schema\/logo\/image\/"},"sameAs":["https:\/\/www.facebook.com\/HerzegovinaBike","https:\/\/www.instagram.com\/herzegovinabike\/"]}]}},"_links":{"self":[{"href":"https:\/\/www.herzegovinabike.ba\/en\/wp-json\/wp\/v2\/product\/19369","targetHints":{"allow":["GET"]}}],"collection":[{"href":"https:\/\/www.herzegovinabike.ba\/en\/wp-json\/wp\/v2\/product"}],"about":[{"href":"https:\/\/www.herzegovinabike.ba\/en\/wp-json\/wp\/v2\/types\/product"}],"replies":[{"embeddable":true,"href":"https:\/\/www.herzegovinabike.ba\/en\/wp-json\/wp\/v2\/comments?post=19369"}],"wp:featuredmedia":[{"embeddable":true,"href":"https:\/\/www.herzegovinabike.ba\/en\/wp-json\/wp\/v2\/media\/19285"}],"wp:attachment":[{"href":"https:\/\/www.herzegovinabike.ba\/en\/wp-json\/wp\/v2\/media?parent=19369"}],"wp:term":[{"taxonomy":"product_brand","embeddable":true,"href":"https:\/\/www.herzegovinabike.ba\/en\/wp-json\/wp\/v2\/product_brand?post=19369"},{"taxonomy":"product_cat","embeddable":true,"href":"https:\/\/www.herzegovinabike.ba\/en\/wp-json\/wp\/v2\/product_cat?post=19369"},{"taxonomy":"product_tag","embeddable":true,"href":"https:\/\/www.herzegovinabike.ba\/en\/wp-json\/wp\/v2\/product_tag?post=19369"}],"curies":[{"name":"wp","href":"https:\/\/api.w.org\/{rel}","templated":true}]}}